{"id":27942,"date":"2011-12-29T16:56:29","date_gmt":"2011-12-29T19:56:29","guid":{"rendered":"http:\/\/www.precolombino.cl\/wp\/?page_id=27942"},"modified":"2017-06-16T11:35:16","modified_gmt":"2017-06-16T14:35:16","slug":"audioguias","status":"publish","type":"page","link":"https:\/\/precolombino.cl\/wp\/en\/planifica-tu-visita\/audioguias\/","title":{"rendered":"Audioguides"},"content":{"rendered":"<p>Download recordings of the Permanent Exhibition display texts in English, French, Portuguese and Spanish here. These audioguides are in mp3 format and are arranged by cultural area, following the same order as our exhibit galleries.<\/p>\n<hr \/>\n<p>&nbsp;<\/p>\n<p>Descargue desde esta p\u00e1gina audiogu\u00edas en castellano, ingl\u00e9s, franc\u00e9s y portugu\u00e9s con los textos de las vitrinas de la Exposici\u00f3n Permanente. Las audiogu\u00edas se encuentran en formato mp3, ordenadas por \u00e1reas culturales, de acuerdo al recorrido de las salas de exhibici\u00f3n.<\/p>\n<hr \/>\n<p>T\u00e9l\u00e9chargez depuis ce site des audio-guides en fran\u00e7ais, portugais, espagnol et anglais avec les textes de l&#8217;exposition permanente. Les audio-guides se trouvent en format mp3, rang\u00e9es par domain culturel, selon le parcour des salles d&#8217;exhibition.<\/p>\n<hr \/>\n<p>Baixe direto desta pagina as instru\u00e7\u00f5es em audio, em portugu\u00eas, franc\u00eas, ingl\u00eas e espanhol, com os textos das vitrines da Exposi\u00e7\u00e3o Permanente. As instru\u00e7\u00f5es est\u00e3o em formato mp3, ordenadas pelas respectivas \u00e1reas culturais, seguindo o recorrido das salas de exibi\u00e7\u00e3o.<\/p>\n<hr \/>\n<p>&nbsp;<\/p>","protected":false},"excerpt":{"rendered":"<p>Download recordings of the Permanent Exhibition display texts in English, French, Portuguese and Spanish here. These audioguides are in mp3 format and are arranged by cultural area, following the same order as our exhibit galleries. &nbsp; Descargue desde esta p\u00e1gina audiogu\u00edas en castellano, ingl\u00e9s, franc\u00e9s y portugu\u00e9s con los textos de las vitrinas de la [&hellip;]<\/p>\n","protected":false},"author":1,"featured_media":28127,"parent":16990,"menu_order":5,"comment_status":"open","ping_status":"closed","template":"page-primer-nivel.php","meta":{"ngg_post_thumbnail":0},"_links":{"self":[{"href":"https:\/\/precolombino.cl\/wp\/en\/wp-json\/wp\/v2\/pages\/27942"}],"collection":[{"href":"https:\/\/precolombino.cl\/wp\/en\/wp-json\/wp\/v2\/pages"}],"about":[{"href":"https:\/\/precolombino.cl\/wp\/en\/wp-json\/wp\/v2\/types\/page"}],"author":[{"embeddable":true,"href":"https:\/\/precolombino.cl\/wp\/en\/wp-json\/wp\/v2\/users\/1"}],"replies":[{"embeddable":true,"href":"https:\/\/precolombino.cl\/wp\/en\/wp-json\/wp\/v2\/comments?post=27942"}],"version-history":[{"count":3,"href":"https:\/\/precolombino.cl\/wp\/en\/wp-json\/wp\/v2\/pages\/27942\/revisions"}],"predecessor-version":[{"id":38967,"href":"https:\/\/precolombino.cl\/wp\/en\/wp-json\/wp\/v2\/pages\/27942\/revisions\/38967"}],"up":[{"embeddable":true,"href":"https:\/\/precolombino.cl\/wp\/en\/wp-json\/wp\/v2\/pages\/16990"}],"wp:featuredmedia":[{"embeddable":true,"href":"https:\/\/precolombino.cl\/wp\/en\/wp-json\/wp\/v2\/media\/28127"}],"wp:attachment":[{"href":"https:\/\/precolombino.cl\/wp\/en\/wp-json\/wp\/v2\/media?parent=27942"}],"curies":[{"name":"wp","href":"https:\/\/api.w.org\/{rel}","templated":true}]}}