{"id":32372,"date":"2014-09-17T11:56:36","date_gmt":"2014-09-17T14:56:36","guid":{"rendered":"http:\/\/www.precolombino.cl\/?page_id=32372"},"modified":"2015-02-23T12:53:07","modified_gmt":"2015-02-23T15:53:07","slug":"los-simbolos-del-metal","status":"publish","type":"page","link":"https:\/\/precolombino.cl\/wp\/en\/exposiciones\/exposiciones-temporales\/oro-de-colombia-chamanismo-y-orfebreria-2005\/la-orfebreria-prehispanica-de-colombia\/los-simbolos-del-metal\/","title":{"rendered":"Los s\u00edmbolos del metal"},"content":{"rendered":"<p>Al portar esta gran nariguera, un individuo de alta jerarqu\u00eda en la sociedad se mutaba en felino. Su posici\u00f3n de poder le permit\u00eda transformarse en  predador y a los dem\u00e1s hombres en sus presas.<\/p>\n<p>Para los ind\u00edgenas el valor del oro y otros metales radica en sus propiedades simb\u00f3licas y de transformaci\u00f3n asociadas al color, el olor, el brillo y la plasticidad. Entre algunos grupos amaz\u00f3nicos el oro amarillo es s\u00edmbolo del sol y la virilidad, mientras el cobre rojizo alude a la luna, el fuego y la sexualidad femenina; en sus aleaciones, el orfebre une ambos principios.<\/p>","protected":false},"excerpt":{"rendered":"<p>Al portar esta gran nariguera, un individuo de alta jerarqu\u00eda en la sociedad se mutaba en felino. Su posici\u00f3n de poder le permit\u00eda transformarse en predador y a los dem\u00e1s hombres en sus presas. Para los ind\u00edgenas el valor del oro y otros metales radica en sus propiedades simb\u00f3licas y de transformaci\u00f3n asociadas al color, [&hellip;]<\/p>\n","protected":false},"author":1,"featured_media":32594,"parent":32368,"menu_order":2,"comment_status":"open","ping_status":"open","template":"page-nieto-expo-temporal-html.php","meta":{"ngg_post_thumbnail":0},"_links":{"self":[{"href":"https:\/\/precolombino.cl\/wp\/en\/wp-json\/wp\/v2\/pages\/32372"}],"collection":[{"href":"https:\/\/precolombino.cl\/wp\/en\/wp-json\/wp\/v2\/pages"}],"about":[{"href":"https:\/\/precolombino.cl\/wp\/en\/wp-json\/wp\/v2\/types\/page"}],"author":[{"embeddable":true,"href":"https:\/\/precolombino.cl\/wp\/en\/wp-json\/wp\/v2\/users\/1"}],"replies":[{"embeddable":true,"href":"https:\/\/precolombino.cl\/wp\/en\/wp-json\/wp\/v2\/comments?post=32372"}],"version-history":[{"count":3,"href":"https:\/\/precolombino.cl\/wp\/en\/wp-json\/wp\/v2\/pages\/32372\/revisions"}],"predecessor-version":[{"id":33120,"href":"https:\/\/precolombino.cl\/wp\/en\/wp-json\/wp\/v2\/pages\/32372\/revisions\/33120"}],"up":[{"embeddable":true,"href":"https:\/\/precolombino.cl\/wp\/en\/wp-json\/wp\/v2\/pages\/32368"}],"wp:featuredmedia":[{"embeddable":true,"href":"https:\/\/precolombino.cl\/wp\/en\/wp-json\/wp\/v2\/media\/32594"}],"wp:attachment":[{"href":"https:\/\/precolombino.cl\/wp\/en\/wp-json\/wp\/v2\/media?parent=32372"}],"curies":[{"name":"wp","href":"https:\/\/api.w.org\/{rel}","templated":true}]}}