{"id":32429,"date":"2014-09-22T12:50:21","date_gmt":"2014-09-22T15:50:21","guid":{"rendered":"http:\/\/www.precolombino.cl\/?page_id=32429"},"modified":"2015-02-23T18:05:15","modified_gmt":"2015-02-23T21:05:15","slug":"volverse-comunidad","status":"publish","type":"page","link":"https:\/\/precolombino.cl\/wp\/en\/exposiciones\/exposiciones-temporales\/oro-de-colombia-chamanismo-y-orfebreria-2005\/sentarse-a-pensar\/volverse-comunidad\/","title":{"rendered":"Volverse comunidad"},"content":{"rendered":"<p>En muchas sociedades de la actual Colombia se practic\u00f3 el entierro secundario en urnas de cer\u00e1mica. Los restos \u00f3seos del pariente fallecido eran exhumados y colocados en grandes urnas individuales o colectivas, en donde se depositaban ocasionalmente tambi\u00e9n restos de animales. Estas urnas se guardaban en la casa, en cuevas o en sitios funerarios.  Mediante este tipo de enterramiento la identidad individual se fund\u00eda en la del grupo social.<\/p>","protected":false},"excerpt":{"rendered":"<p>En muchas sociedades de la actual Colombia se practic\u00f3 el entierro secundario en urnas de cer\u00e1mica. Los restos \u00f3seos del pariente fallecido eran exhumados y colocados en grandes urnas individuales o colectivas, en donde se depositaban ocasionalmente tambi\u00e9n restos de animales. Estas urnas se guardaban en la casa, en cuevas o en sitios funerarios. Mediante [&hellip;]<\/p>\n","protected":false},"author":1,"featured_media":32723,"parent":32423,"menu_order":3,"comment_status":"open","ping_status":"open","template":"page-nieto-expo-temporal-html.php","meta":{"ngg_post_thumbnail":0},"_links":{"self":[{"href":"https:\/\/precolombino.cl\/wp\/en\/wp-json\/wp\/v2\/pages\/32429"}],"collection":[{"href":"https:\/\/precolombino.cl\/wp\/en\/wp-json\/wp\/v2\/pages"}],"about":[{"href":"https:\/\/precolombino.cl\/wp\/en\/wp-json\/wp\/v2\/types\/page"}],"author":[{"embeddable":true,"href":"https:\/\/precolombino.cl\/wp\/en\/wp-json\/wp\/v2\/users\/1"}],"replies":[{"embeddable":true,"href":"https:\/\/precolombino.cl\/wp\/en\/wp-json\/wp\/v2\/comments?post=32429"}],"version-history":[{"count":3,"href":"https:\/\/precolombino.cl\/wp\/en\/wp-json\/wp\/v2\/pages\/32429\/revisions"}],"predecessor-version":[{"id":33138,"href":"https:\/\/precolombino.cl\/wp\/en\/wp-json\/wp\/v2\/pages\/32429\/revisions\/33138"}],"up":[{"embeddable":true,"href":"https:\/\/precolombino.cl\/wp\/en\/wp-json\/wp\/v2\/pages\/32423"}],"wp:featuredmedia":[{"embeddable":true,"href":"https:\/\/precolombino.cl\/wp\/en\/wp-json\/wp\/v2\/media\/32723"}],"wp:attachment":[{"href":"https:\/\/precolombino.cl\/wp\/en\/wp-json\/wp\/v2\/media?parent=32429"}],"curies":[{"name":"wp","href":"https:\/\/api.w.org\/{rel}","templated":true}]}}