{"id":32442,"date":"2014-09-22T15:28:14","date_gmt":"2014-09-22T18:28:14","guid":{"rendered":"http:\/\/www.precolombino.cl\/?page_id=32442"},"modified":"2015-11-06T13:25:11","modified_gmt":"2015-11-06T16:25:11","slug":"la-guerra-y-el-sacrificio","status":"publish","type":"page","link":"https:\/\/precolombino.cl\/wp\/en\/exposiciones\/exposiciones-temporales\/oro-de-colombia-chamanismo-y-orfebreria-2005\/la-guerra-y-el-sacrificio\/","title":{"rendered":"La guerra y el sacrificio"},"content":{"rendered":"<p>La guerra ten\u00eda por lo general un car\u00e1cter sagrado en las sociedades ind\u00edgenas prehisp\u00e1nicas. Los rivales se bat\u00edan en duelo con grandes coronas de plumas, pectorales y brazaletes de oro, collares de colmillos, garras de aves y m\u00e1scaras, y totalmente cubiertos de pinturas.  El cuerpo decorado los proteg\u00eda simb\u00f3licamente de los enemigos e infund\u00eda temor.<\/p>\n<p>Los guerreros vencidos eran con frecuencia sacrificados. La destrucci\u00f3n de la v\u00edctima era indispensable para la reproducci\u00f3n del cosmos y la vida. En algunas sociedades el guerrero vencedor asum\u00eda la identidad de su v\u00edctima sacrificada; se apropiaba de sus nombres, pertenencias y lugar en la sociedad.<br \/>\n<\/p>","protected":false},"excerpt":{"rendered":"<p>La guerra ten\u00eda por lo general un car\u00e1cter sagrado en las sociedades ind\u00edgenas prehisp\u00e1nicas. Los rivales se bat\u00edan en duelo con grandes coronas de plumas, pectorales y brazaletes de oro, collares de colmillos, garras de aves y m\u00e1scaras, y totalmente cubiertos de pinturas. El cuerpo decorado los proteg\u00eda simb\u00f3licamente de los enemigos e infund\u00eda temor. [&hellip;]<\/p>\n","protected":false},"author":1,"featured_media":32765,"parent":834,"menu_order":8,"comment_status":"open","ping_status":"open","template":"page-hijo-expo-temporal-html.php","meta":{"ngg_post_thumbnail":0},"_links":{"self":[{"href":"https:\/\/precolombino.cl\/wp\/en\/wp-json\/wp\/v2\/pages\/32442"}],"collection":[{"href":"https:\/\/precolombino.cl\/wp\/en\/wp-json\/wp\/v2\/pages"}],"about":[{"href":"https:\/\/precolombino.cl\/wp\/en\/wp-json\/wp\/v2\/types\/page"}],"author":[{"embeddable":true,"href":"https:\/\/precolombino.cl\/wp\/en\/wp-json\/wp\/v2\/users\/1"}],"replies":[{"embeddable":true,"href":"https:\/\/precolombino.cl\/wp\/en\/wp-json\/wp\/v2\/comments?post=32442"}],"version-history":[{"count":3,"href":"https:\/\/precolombino.cl\/wp\/en\/wp-json\/wp\/v2\/pages\/32442\/revisions"}],"predecessor-version":[{"id":35334,"href":"https:\/\/precolombino.cl\/wp\/en\/wp-json\/wp\/v2\/pages\/32442\/revisions\/35334"}],"up":[{"embeddable":true,"href":"https:\/\/precolombino.cl\/wp\/en\/wp-json\/wp\/v2\/pages\/834"}],"wp:featuredmedia":[{"embeddable":true,"href":"https:\/\/precolombino.cl\/wp\/en\/wp-json\/wp\/v2\/media\/32765"}],"wp:attachment":[{"href":"https:\/\/precolombino.cl\/wp\/en\/wp-json\/wp\/v2\/media?parent=32442"}],"curies":[{"name":"wp","href":"https:\/\/api.w.org\/{rel}","templated":true}]}}