{"id":32445,"date":"2014-09-22T15:32:58","date_gmt":"2014-09-22T18:32:58","guid":{"rendered":"http:\/\/www.precolombino.cl\/?page_id=32445"},"modified":"2015-11-06T13:27:12","modified_gmt":"2015-11-06T16:27:12","slug":"la-danza-de-la-guerra-y-los-sacrificios","status":"publish","type":"page","link":"https:\/\/precolombino.cl\/wp\/en\/exposiciones\/exposiciones-temporales\/oro-de-colombia-chamanismo-y-orfebreria-2005\/la-guerra-y-el-sacrificio\/la-danza-de-la-guerra-y-los-sacrificios\/","title":{"rendered":"La danza de la guerra y los sacrificios"},"content":{"rendered":"<p>Algunos guerreros deformaban sus cabezas, orejas, nariz y extremidades, y hasta afilaban sus dientes; parec\u00edan verdaderos felinos, vampiros, \u00e1guilas o serpientes en combate.<\/p>\n<p>Los muiscas practicaban diversos tipos de sacrificios humanos.  En uno de ellos las v\u00edctimas eran j\u00f3venes procedentes de las tierras bajas de Colombia, que a veces eran reemplazados por loros o papagayos tra\u00eddos tambi\u00e9n de otras tierras,  a los cuales se les hab\u00eda ense\u00f1ado a hablar, es decir transformado en gente. Los cuerpos sacrificados y su sangre eran ofrecidos al sol.<br \/>\n<\/p>","protected":false},"excerpt":{"rendered":"<p>Algunos guerreros deformaban sus cabezas, orejas, nariz y extremidades, y hasta afilaban sus dientes; parec\u00edan verdaderos felinos, vampiros, \u00e1guilas o serpientes en combate. Los muiscas practicaban diversos tipos de sacrificios humanos. En uno de ellos las v\u00edctimas eran j\u00f3venes procedentes de las tierras bajas de Colombia, que a veces eran reemplazados por loros o papagayos [&hellip;]<\/p>\n","protected":false},"author":1,"featured_media":32769,"parent":32442,"menu_order":1,"comment_status":"open","ping_status":"open","template":"page-nieto-expo-temporal-html.php","meta":{"ngg_post_thumbnail":0},"_links":{"self":[{"href":"https:\/\/precolombino.cl\/wp\/en\/wp-json\/wp\/v2\/pages\/32445"}],"collection":[{"href":"https:\/\/precolombino.cl\/wp\/en\/wp-json\/wp\/v2\/pages"}],"about":[{"href":"https:\/\/precolombino.cl\/wp\/en\/wp-json\/wp\/v2\/types\/page"}],"author":[{"embeddable":true,"href":"https:\/\/precolombino.cl\/wp\/en\/wp-json\/wp\/v2\/users\/1"}],"replies":[{"embeddable":true,"href":"https:\/\/precolombino.cl\/wp\/en\/wp-json\/wp\/v2\/comments?post=32445"}],"version-history":[{"count":3,"href":"https:\/\/precolombino.cl\/wp\/en\/wp-json\/wp\/v2\/pages\/32445\/revisions"}],"predecessor-version":[{"id":35336,"href":"https:\/\/precolombino.cl\/wp\/en\/wp-json\/wp\/v2\/pages\/32445\/revisions\/35336"}],"up":[{"embeddable":true,"href":"https:\/\/precolombino.cl\/wp\/en\/wp-json\/wp\/v2\/pages\/32442"}],"wp:featuredmedia":[{"embeddable":true,"href":"https:\/\/precolombino.cl\/wp\/en\/wp-json\/wp\/v2\/media\/32769"}],"wp:attachment":[{"href":"https:\/\/precolombino.cl\/wp\/en\/wp-json\/wp\/v2\/media?parent=32445"}],"curies":[{"name":"wp","href":"https:\/\/api.w.org\/{rel}","templated":true}]}}