{"id":33847,"date":"2015-08-13T12:15:23","date_gmt":"2015-08-13T15:15:23","guid":{"rendered":"http:\/\/www.precolombino.cl\/?page_id=33847"},"modified":"2016-02-08T16:46:15","modified_gmt":"2016-02-08T19:46:15","slug":"el-reino-chimor","status":"publish","type":"page","link":"https:\/\/precolombino.cl\/wp\/en\/exposiciones\/exposiciones-temporales\/chimu-laberintos-de-un-traje-sagrado-2005\/el-reino-chimor\/","title":{"rendered":"The Chimor Kingdom: A history of conquests"},"content":{"rendered":"<p>By \u00a0AD 1200, the leaders of the Chim\u00fa polity or Chimor Kingdom had consolidated its territory in the Moche Valley and were ready to conquer new lands. They then extended their Empire from the Jequetepeque River in the north to the Santa River in the south. Two centuries later, the imperial frontiers expanded to the T\u00fambez River on the north to the Chill\u00f3n Valley on the south, thus covering an extension of 1,300 lineal kilometers (almost 800 miles). When the Chim\u00fa polity reached its peak, it controlled two thirds of the arable land along the Peruvian coast, as well as a similar proportion of the population that lived in the desert region.<\/p>\n<p>Chim\u00fa rulers were able to resist Inka territorial ambitions for a time, but by 1470, their emperor <em>Min\u00e7hancaman<\/em> had been defeated and taken to Cuzco. Under the control of the Inka Empire and governed by a local puppet ruler, the Chim\u00fa underwent gradual dismemberment. With the arrival of the Spanish Conquest, epidemics that decimated the coastal people spread, completing the social disintegration of the once-powerful Chimor Kingdom.<\/p>","protected":false},"excerpt":{"rendered":"<p>By \u00a0AD 1200, the leaders of the Chim\u00fa polity or Chimor Kingdom had consolidated its territory in the Moche Valley and were ready to conquer new lands. They then extended their Empire from the Jequetepeque River in the north to the Santa River in the south. Two centuries later, the imperial frontiers expanded to the [&hellip;]<\/p>\n","protected":false},"author":1,"featured_media":0,"parent":835,"menu_order":1,"comment_status":"open","ping_status":"open","template":"page-hijo-expo-temporal-html.php","meta":{"ngg_post_thumbnail":0},"_links":{"self":[{"href":"https:\/\/precolombino.cl\/wp\/en\/wp-json\/wp\/v2\/pages\/33847"}],"collection":[{"href":"https:\/\/precolombino.cl\/wp\/en\/wp-json\/wp\/v2\/pages"}],"about":[{"href":"https:\/\/precolombino.cl\/wp\/en\/wp-json\/wp\/v2\/types\/page"}],"author":[{"embeddable":true,"href":"https:\/\/precolombino.cl\/wp\/en\/wp-json\/wp\/v2\/users\/1"}],"replies":[{"embeddable":true,"href":"https:\/\/precolombino.cl\/wp\/en\/wp-json\/wp\/v2\/comments?post=33847"}],"version-history":[{"count":3,"href":"https:\/\/precolombino.cl\/wp\/en\/wp-json\/wp\/v2\/pages\/33847\/revisions"}],"predecessor-version":[{"id":34671,"href":"https:\/\/precolombino.cl\/wp\/en\/wp-json\/wp\/v2\/pages\/33847\/revisions\/34671"}],"up":[{"embeddable":true,"href":"https:\/\/precolombino.cl\/wp\/en\/wp-json\/wp\/v2\/pages\/835"}],"wp:attachment":[{"href":"https:\/\/precolombino.cl\/wp\/en\/wp-json\/wp\/v2\/media?parent=33847"}],"curies":[{"name":"wp","href":"https:\/\/api.w.org\/{rel}","templated":true}]}}