{"id":1052,"date":"2011-03-18T17:49:27","date_gmt":"2011-03-18T17:49:27","guid":{"rendered":"http:\/\/www.precolombino.cl\/wp\/"},"modified":"2014-11-27T14:39:39","modified_gmt":"2014-11-27T17:39:39","slug":"vitrina-monocromia-y-policromia-en-el-desierto","status":"publish","type":"page","link":"https:\/\/precolombino.cl\/wp\/exposiciones\/exposicion-permanente-america-precolombina-en-el-arte\/andes-sur\/vitrina-monocromia-y-policromia-en-el-desierto\/","title":{"rendered":"Monocrom\u00eda y policrom\u00eda en el desierto"},"content":{"rendered":"<p>El desierto del norte de Chile tuvo en en el pasado dos amplias \u00e1reas de desarrollo: una, en el salar de Atacama y el r\u00edo Loa, y otra, en Arica y los valles vecinos. Si bien ambas \u00e1reas tuvieron procesos de desarrollo cultural muy similares, la est\u00e9tica de su arte alfarero tom\u00f3 caminos divergentes desde muy temprano en la historia. Mientras en la primera de estas \u00e1reas se prefiri\u00f3 la monocrom\u00eda, en la segunda se privilegi\u00f3 la policrom\u00eda. Estas distintas opciones pueden haber obedecido a una necesidad de marcar diferencias culturales o \u00e9tnicas, pero tambi\u00e9n es posible que respondan a influencias externas de diferentes or\u00edgenes.<\/p>","protected":false},"excerpt":{"rendered":"<p>El desierto del norte de Chile tuvo en en el pasado dos amplias \u00e1reas de desarrollo: una, en el salar de Atacama y el r\u00edo Loa, y otra, en Arica y los valles vecinos. Si bien ambas \u00e1reas tuvieron procesos de desarrollo cultural muy similares, la est\u00e9tica de su arte alfarero tom\u00f3 caminos divergentes desde [&hellip;]<\/p>\n","protected":false},"author":1,"featured_media":21569,"parent":99,"menu_order":8,"comment_status":"open","ping_status":"open","template":"","meta":{"ngg_post_thumbnail":0},"_links":{"self":[{"href":"https:\/\/precolombino.cl\/wp\/wp-json\/wp\/v2\/pages\/1052"}],"collection":[{"href":"https:\/\/precolombino.cl\/wp\/wp-json\/wp\/v2\/pages"}],"about":[{"href":"https:\/\/precolombino.cl\/wp\/wp-json\/wp\/v2\/types\/page"}],"author":[{"embeddable":true,"href":"https:\/\/precolombino.cl\/wp\/wp-json\/wp\/v2\/users\/1"}],"replies":[{"embeddable":true,"href":"https:\/\/precolombino.cl\/wp\/wp-json\/wp\/v2\/comments?post=1052"}],"version-history":[{"count":3,"href":"https:\/\/precolombino.cl\/wp\/wp-json\/wp\/v2\/pages\/1052\/revisions"}],"predecessor-version":[{"id":32846,"href":"https:\/\/precolombino.cl\/wp\/wp-json\/wp\/v2\/pages\/1052\/revisions\/32846"}],"up":[{"embeddable":true,"href":"https:\/\/precolombino.cl\/wp\/wp-json\/wp\/v2\/pages\/99"}],"wp:featuredmedia":[{"embeddable":true,"href":"https:\/\/precolombino.cl\/wp\/wp-json\/wp\/v2\/media\/21569"}],"wp:attachment":[{"href":"https:\/\/precolombino.cl\/wp\/wp-json\/wp\/v2\/media?parent=1052"}],"curies":[{"name":"wp","href":"https:\/\/api.w.org\/{rel}","templated":true}]}}