{"id":30073,"date":"2014-06-12T13:39:17","date_gmt":"2014-06-12T16:39:17","guid":{"rendered":"http:\/\/www.precolombino.cl\/?page_id=30073"},"modified":"2015-11-27T10:47:17","modified_gmt":"2015-11-27T13:47:17","slug":"arquitectura","status":"publish","type":"page","link":"https:\/\/precolombino.cl\/wp\/exposiciones\/exposiciones-temporales\/chile-bajo-el-imperio-inka-2009\/la-conquista-de-chile-2\/arquitectura\/","title":{"rendered":"Una arquitectura al servicio del imperio"},"content":{"rendered":"<p>En muchos casos, las instalaciones inkaicas reflejaban concepciones reales y mitol\u00f3gicas del Cuzco, constituy\u00e9ndose de esta manera en representaciones de la visi\u00f3n del mundo de los inkas. En cierto modo eran una suerte de extensi\u00f3n de la capital del imperio. La forma de gobierno que los inkas ejerc\u00edan en las provincias, sin embargo, requer\u00eda no s\u00f3lo imprimir en la arquitectura conceptos simb\u00f3licos que fueran instrumentales para reforzar la imagen de poder del Tawantinsuyu, sino tambi\u00e9n crear una bien definida distribuci\u00f3n de los espacios para tratar con los s\u00fabditos. La mejor prueba de esto es que las fincas de los gobernantes, situadas en el n\u00facleo del imperio, no requer\u00edan de este tipo de simbolismo y distribuci\u00f3n del espacio.<\/p>\n<p>El elemento arquitect\u00f3nico m\u00e1s frecuente en tambos y centros administrativos era la kancha, un recinto rectangular con una o m\u00e1s habitaciones de techo pajizo a dos aguas y un patio central. Otra construcci\u00f3n emblem\u00e1tica era la kallanka, un largo edificio rectangular con techo similar, que serv\u00eda para alojar soldados y otros grupos de viajeros, as\u00ed como para celebrar los banquetes con que el funcionario estatal agasajaba a los trabajadores que serv\u00edan las mitas o turnos laborales. Algunos asentamientos dispon\u00edan de aukaipatas o plazas simples o dobles como foco central del sitio, y en ocasiones, de un ushnu o plataforma para administrar el trabajo, impartir justicia y dirigir el culto. Como regla general, las dimensiones de estos espacios construidos eran proporcionales al tama\u00f1o de la poblaci\u00f3n que administraban.<\/p>\n<p><iframe src=\"\/\/player.vimeo.com\/video\/16068441\" frameborder=\"0\" width=\"100%\" height=\"420\"><\/iframe><\/p>","protected":false},"excerpt":{"rendered":"<p>En muchos casos, las instalaciones inkaicas reflejaban concepciones reales y mitol\u00f3gicas del Cuzco, constituy\u00e9ndose de esta manera en representaciones de la visi\u00f3n del mundo de los inkas. En cierto modo eran una suerte de extensi\u00f3n de la capital del imperio. La forma de gobierno que los inkas ejerc\u00edan en las provincias, sin embargo, requer\u00eda no [&hellip;]<\/p>\n","protected":false},"author":1,"featured_media":30756,"parent":30062,"menu_order":1,"comment_status":"open","ping_status":"closed","template":"page-nieto-expo-temporal-html.php","meta":{"ngg_post_thumbnail":0},"_links":{"self":[{"href":"https:\/\/precolombino.cl\/wp\/wp-json\/wp\/v2\/pages\/30073"}],"collection":[{"href":"https:\/\/precolombino.cl\/wp\/wp-json\/wp\/v2\/pages"}],"about":[{"href":"https:\/\/precolombino.cl\/wp\/wp-json\/wp\/v2\/types\/page"}],"author":[{"embeddable":true,"href":"https:\/\/precolombino.cl\/wp\/wp-json\/wp\/v2\/users\/1"}],"replies":[{"embeddable":true,"href":"https:\/\/precolombino.cl\/wp\/wp-json\/wp\/v2\/comments?post=30073"}],"version-history":[{"count":3,"href":"https:\/\/precolombino.cl\/wp\/wp-json\/wp\/v2\/pages\/30073\/revisions"}],"predecessor-version":[{"id":35634,"href":"https:\/\/precolombino.cl\/wp\/wp-json\/wp\/v2\/pages\/30073\/revisions\/35634"}],"up":[{"embeddable":true,"href":"https:\/\/precolombino.cl\/wp\/wp-json\/wp\/v2\/pages\/30062"}],"wp:featuredmedia":[{"embeddable":true,"href":"https:\/\/precolombino.cl\/wp\/wp-json\/wp\/v2\/media\/30756"}],"wp:attachment":[{"href":"https:\/\/precolombino.cl\/wp\/wp-json\/wp\/v2\/media?parent=30073"}],"curies":[{"name":"wp","href":"https:\/\/api.w.org\/{rel}","templated":true}]}}