{"id":30097,"date":"2014-06-12T16:04:12","date_gmt":"2014-06-12T19:04:12","guid":{"rendered":"http:\/\/www.precolombino.cl\/?page_id=30097"},"modified":"2014-07-15T10:34:46","modified_gmt":"2014-07-15T13:34:46","slug":"el-inka-en-las-regiones","status":"publish","type":"page","link":"https:\/\/precolombino.cl\/wp\/exposiciones\/exposiciones-temporales\/chile-bajo-el-imperio-inka-2009\/el-inka-en-las-regiones\/","title":{"rendered":"El Inka en las regiones"},"content":{"rendered":"<p>Distintas regiones de Chile se diferencian porque la presencia inka se manifiesta de manera particular. En algunos casos, las relaciones con las poblaciones locales o la existencia de recursos espec\u00edficos signific\u00f3 que la dominaci\u00f3n estatal tom\u00f3 caracter\u00edsticas peculiares, tal como ocurri\u00f3 en la relaci\u00f3n pol\u00edtica con los Diaguita o por la abundancia de minerales de cobre en Atacama.<\/p>\n<p>En otros casos, las diferencias ambientales a lo largo de este territorio han influido sobre la conservaci\u00f3n de los indicios de esta dominaci\u00f3n, especialmente en el caso de los objetos confeccionados con materiales perecibles como los textiles, que s\u00f3lo se conservan en los lugares m\u00e1s \u00e1ridos.<\/p>","protected":false},"excerpt":{"rendered":"<p>Distintas regiones de Chile se diferencian porque la presencia inka se manifiesta de manera particular. En algunos casos, las relaciones con las poblaciones locales o la existencia de recursos espec\u00edficos signific\u00f3 que la dominaci\u00f3n estatal tom\u00f3 caracter\u00edsticas peculiares, tal como ocurri\u00f3 en la relaci\u00f3n pol\u00edtica con los Diaguita o por la abundancia de minerales de [&hellip;]<\/p>\n","protected":false},"author":1,"featured_media":30622,"parent":827,"menu_order":3,"comment_status":"open","ping_status":"closed","template":"page-hijo-expo-temporal-html.php","meta":{"ngg_post_thumbnail":0},"_links":{"self":[{"href":"https:\/\/precolombino.cl\/wp\/wp-json\/wp\/v2\/pages\/30097"}],"collection":[{"href":"https:\/\/precolombino.cl\/wp\/wp-json\/wp\/v2\/pages"}],"about":[{"href":"https:\/\/precolombino.cl\/wp\/wp-json\/wp\/v2\/types\/page"}],"author":[{"embeddable":true,"href":"https:\/\/precolombino.cl\/wp\/wp-json\/wp\/v2\/users\/1"}],"replies":[{"embeddable":true,"href":"https:\/\/precolombino.cl\/wp\/wp-json\/wp\/v2\/comments?post=30097"}],"version-history":[{"count":3,"href":"https:\/\/precolombino.cl\/wp\/wp-json\/wp\/v2\/pages\/30097\/revisions"}],"predecessor-version":[{"id":30099,"href":"https:\/\/precolombino.cl\/wp\/wp-json\/wp\/v2\/pages\/30097\/revisions\/30099"}],"up":[{"embeddable":true,"href":"https:\/\/precolombino.cl\/wp\/wp-json\/wp\/v2\/pages\/827"}],"wp:featuredmedia":[{"embeddable":true,"href":"https:\/\/precolombino.cl\/wp\/wp-json\/wp\/v2\/media\/30622"}],"wp:attachment":[{"href":"https:\/\/precolombino.cl\/wp\/wp-json\/wp\/v2\/media?parent=30097"}],"curies":[{"name":"wp","href":"https:\/\/api.w.org\/{rel}","templated":true}]}}