{"id":30164,"date":"2014-06-13T11:12:56","date_gmt":"2014-06-13T14:12:56","guid":{"rendered":"http:\/\/www.precolombino.cl\/?page_id=30164"},"modified":"2014-12-05T12:04:28","modified_gmt":"2014-12-05T15:04:28","slug":"regalos-de-piedra","status":"publish","type":"page","link":"https:\/\/precolombino.cl\/wp\/exposiciones\/exposiciones-temporales\/chile-bajo-el-imperio-inka-2009\/el-inka-en-las-regiones\/regalos-de-piedra\/","title":{"rendered":"Regalos de piedra"},"content":{"rendered":"<p><strong>Estas esculturas de piedra fueron obsequiadas por los inkas a las autoridades diaguitas en reconocimiento de su alianza con el imperio.<\/strong><\/p>\n<p>Magn\u00edficas obras en piedra como las que aqu\u00ed se presentan son poco usuales entre los restos precolombinos de Chile. S\u00f3lo se han encontrado en sitios arqueol\u00f3gicos de tiempos inkaicos, en los valles semi\u00e1ridos entre los r\u00edos Huasco y Choapa, tierra originaria de los Diaguitas, pero probablemente no fueron manufacturadas por artistas locales. La mayor parte presenta una cavidad o recipiente, por lo que es posible que jugaran alg\u00fan rol ceremonial, aunque seguramente ten\u00edan en s\u00ed mismas un valor simb\u00f3lico \u00fanico. Estos objetos llegaron a manos de los jefes locales como parte de una serie de prebendas, obtenidas en reconocimiento a la alianza que establecieron con los inkas para expandir el Tawantinsuyu hacia territorios m\u00e1s meridionales. La pol\u00edtica de agasajar a los dirigentes locales con objetos de alto valor form\u00f3 parte de la estrategia expansionista inka, que buscaba asegurar la cooperaci\u00f3n de las poblaciones anexadas al imperio.<\/p>","protected":false},"excerpt":{"rendered":"<p>Estas esculturas de piedra fueron obsequiadas por los inkas a las autoridades diaguitas en reconocimiento de su alianza con el imperio. Magn\u00edficas obras en piedra como las que aqu\u00ed se presentan son poco usuales entre los restos precolombinos de Chile. S\u00f3lo se han encontrado en sitios arqueol\u00f3gicos de tiempos inkaicos, en los valles semi\u00e1ridos entre [&hellip;]<\/p>\n","protected":false},"author":1,"featured_media":30291,"parent":30097,"menu_order":3,"comment_status":"open","ping_status":"closed","template":"page-nieto-expo-temporal-html.php","meta":{"ngg_post_thumbnail":0},"_links":{"self":[{"href":"https:\/\/precolombino.cl\/wp\/wp-json\/wp\/v2\/pages\/30164"}],"collection":[{"href":"https:\/\/precolombino.cl\/wp\/wp-json\/wp\/v2\/pages"}],"about":[{"href":"https:\/\/precolombino.cl\/wp\/wp-json\/wp\/v2\/types\/page"}],"author":[{"embeddable":true,"href":"https:\/\/precolombino.cl\/wp\/wp-json\/wp\/v2\/users\/1"}],"replies":[{"embeddable":true,"href":"https:\/\/precolombino.cl\/wp\/wp-json\/wp\/v2\/comments?post=30164"}],"version-history":[{"count":3,"href":"https:\/\/precolombino.cl\/wp\/wp-json\/wp\/v2\/pages\/30164\/revisions"}],"predecessor-version":[{"id":30260,"href":"https:\/\/precolombino.cl\/wp\/wp-json\/wp\/v2\/pages\/30164\/revisions\/30260"}],"up":[{"embeddable":true,"href":"https:\/\/precolombino.cl\/wp\/wp-json\/wp\/v2\/pages\/30097"}],"wp:featuredmedia":[{"embeddable":true,"href":"https:\/\/precolombino.cl\/wp\/wp-json\/wp\/v2\/media\/30291"}],"wp:attachment":[{"href":"https:\/\/precolombino.cl\/wp\/wp-json\/wp\/v2\/media?parent=30164"}],"curies":[{"name":"wp","href":"https:\/\/api.w.org\/{rel}","templated":true}]}}