{"id":30185,"date":"2014-06-13T11:36:47","date_gmt":"2014-06-13T14:36:47","guid":{"rendered":"http:\/\/www.precolombino.cl\/?page_id=30185"},"modified":"2014-12-04T12:31:32","modified_gmt":"2014-12-04T15:31:32","slug":"unkus-y-tokapu","status":"publish","type":"page","link":"https:\/\/precolombino.cl\/wp\/exposiciones\/exposiciones-temporales\/chile-bajo-el-imperio-inka-2009\/el-imperio-inka\/unkus-y-tokapu\/","title":{"rendered":"Unkus y Tokapu"},"content":{"rendered":"<p><strong>El unku o t\u00fanica andina hecha en cumbi o tejido fino fue la prenda por excelencia de los soberanos, personeros importantes y el ej\u00e9rcito inkaico.<\/strong><\/p>\n<p>La t\u00fanica real del Inka se conoc\u00eda como tokapucumbi porque estaba cubierta total o parcialmente por cuadrados, denominados tokapus, decorados con diversos dise\u00f1os cuyo significado no ha sido a\u00fan desentra\u00f1ado. Ciertos altos dignatarios tambi\u00e9n vest\u00edan t\u00fanicas con estos cuadrados multicolores. La t\u00fanica con pechera roja y dise\u00f1o ajedrezado, en cambio, era usada por los guerreros inkaicos. Alineados en estrecha proximidad unos con otros, los combatientes ataviados con estas prendas militares abrumaban con su potencia gr\u00e1fica a sus adversarios en las batallas. Por alguna raz\u00f3n todav\u00eda no bien entendida, el ajedrezado es un motivo frecuente en la cer\u00e1mica, en las miniaturas de t\u00fanicas que aparecen en los adoratorios de monta\u00f1a y en el arte rupestre de las provincias del sur del imperio, incluyendo Chile.<\/p>","protected":false},"excerpt":{"rendered":"<p>El unku o t\u00fanica andina hecha en cumbi o tejido fino fue la prenda por excelencia de los soberanos, personeros importantes y el ej\u00e9rcito inkaico. La t\u00fanica real del Inka se conoc\u00eda como tokapucumbi porque estaba cubierta total o parcialmente por cuadrados, denominados tokapus, decorados con diversos dise\u00f1os cuyo significado no ha sido a\u00fan desentra\u00f1ado. [&hellip;]<\/p>\n","protected":false},"author":1,"featured_media":30427,"parent":30101,"menu_order":1,"comment_status":"open","ping_status":"closed","template":"page-nieto-expo-temporal-html.php","meta":{"ngg_post_thumbnail":0},"_links":{"self":[{"href":"https:\/\/precolombino.cl\/wp\/wp-json\/wp\/v2\/pages\/30185"}],"collection":[{"href":"https:\/\/precolombino.cl\/wp\/wp-json\/wp\/v2\/pages"}],"about":[{"href":"https:\/\/precolombino.cl\/wp\/wp-json\/wp\/v2\/types\/page"}],"author":[{"embeddable":true,"href":"https:\/\/precolombino.cl\/wp\/wp-json\/wp\/v2\/users\/1"}],"replies":[{"embeddable":true,"href":"https:\/\/precolombino.cl\/wp\/wp-json\/wp\/v2\/comments?post=30185"}],"version-history":[{"count":3,"href":"https:\/\/precolombino.cl\/wp\/wp-json\/wp\/v2\/pages\/30185\/revisions"}],"predecessor-version":[{"id":30398,"href":"https:\/\/precolombino.cl\/wp\/wp-json\/wp\/v2\/pages\/30185\/revisions\/30398"}],"up":[{"embeddable":true,"href":"https:\/\/precolombino.cl\/wp\/wp-json\/wp\/v2\/pages\/30101"}],"wp:featuredmedia":[{"embeddable":true,"href":"https:\/\/precolombino.cl\/wp\/wp-json\/wp\/v2\/media\/30427"}],"wp:attachment":[{"href":"https:\/\/precolombino.cl\/wp\/wp-json\/wp\/v2\/media?parent=30185"}],"curies":[{"name":"wp","href":"https:\/\/api.w.org\/{rel}","templated":true}]}}