{"id":30589,"date":"2014-06-16T18:34:55","date_gmt":"2014-06-16T21:34:55","guid":{"rendered":"http:\/\/www.precolombino.cl\/?page_id=30589"},"modified":"2014-07-29T17:13:19","modified_gmt":"2014-07-29T20:13:19","slug":"el-inka-hoy-2","status":"publish","type":"page","link":"https:\/\/precolombino.cl\/wp\/exposiciones\/exposiciones-temporales\/chile-bajo-el-imperio-inka-2009\/el-inka-hoy-2\/","title":{"rendered":"Continuidad"},"content":{"rendered":"<p><strong>El inka vive todav\u00eda en Chile a trav\u00e9s de mitos, nombres de lugares y en nuestro lenguaje diario.<\/strong><\/p>\n<p><iframe src=\"https:\/\/player.vimeo.com\/video\/16093802\" width=\"500\" height=\"331\" frameborder=\"0\" title=\"El inka en la memoria\" webkitallowfullscreen mozallowfullscreen allowfullscreen><\/iframe><\/p>\n<p>Se ignora si la fuerte huella cultural que el Inka dej\u00f3 en Chile fue consecuencia de la influencia directa del imperio o de situaciones posteriores, como la gran cantidad de yanakonas o sirvientes que los espa\u00f1oles trajeron del Per\u00fa. Lo cierto es que hoy el Inka se encuentra vigente en nuestra toponimia, denominando diversos lugares del territorio, y est\u00e1 muy presente en el habla cotidiana de los chilenos. Incluso el quechua, lengua de los inkas, supera con creces al mapudungun, lengua de los mapuches, el grupo \u00e9tnico originario con mayor poblaci\u00f3n en el pa\u00eds. Es sorprendente constatar, adem\u00e1s, que los mitos andinos del inkarr\u00ed \u2013que proclaman que Atahualpa, el Inka asesinado por los espa\u00f1oles, resucitar\u00e1 para dar origen a una nueva era de riqueza y libertad para los ind\u00edgenas\u2013 sobreviven entre los pueblos originarios del norte de Chile y llegan hasta la isla de Chilo\u00e9, donde el dominio del Tawantinsuyu jam\u00e1s alcanz\u00f3.<\/p>\n<p><strong>\u00a0Palabras quechuas de uso actual en Chile:<\/strong><\/p>\n<p>Cacho, Callampa, Cancha, Cocav\u00ed, Cochayuyo, Concho, Chacra, Chala,Champa, Chancar, Charqui, Chasca, Chasquilla, Chasqui, Challa, Chico, Chicha, Chimba, China, Choclo, Choro, Ch\u00facaro, Chuchoca, Chu\u00f1o, Chupalla, Chupe, Chupilca, Guagua, Guano, Guaraca, Guata, Huacho, Huaina, Huaquero, Huasca, Huincha, Locro, Mama, \u00d1ato, Ojota, Pampa, Papa, Paya, Palta, Poto, Quisco, Tambo, Tata, Yapa, Yuyo, Zapallo.<\/p>","protected":false},"excerpt":{"rendered":"<p>El inka vive todav\u00eda en Chile a trav\u00e9s de mitos, nombres de lugares y en nuestro lenguaje diario. Se ignora si la fuerte huella cultural que el Inka dej\u00f3 en Chile fue consecuencia de la influencia directa del imperio o de situaciones posteriores, como la gran cantidad de yanakonas o sirvientes que los espa\u00f1oles trajeron [&hellip;]<\/p>\n","protected":false},"author":1,"featured_media":30806,"parent":827,"menu_order":4,"comment_status":"open","ping_status":"closed","template":"page-hijo-expo-temporal-html.php","meta":{"ngg_post_thumbnail":0},"_links":{"self":[{"href":"https:\/\/precolombino.cl\/wp\/wp-json\/wp\/v2\/pages\/30589"}],"collection":[{"href":"https:\/\/precolombino.cl\/wp\/wp-json\/wp\/v2\/pages"}],"about":[{"href":"https:\/\/precolombino.cl\/wp\/wp-json\/wp\/v2\/types\/page"}],"author":[{"embeddable":true,"href":"https:\/\/precolombino.cl\/wp\/wp-json\/wp\/v2\/users\/1"}],"replies":[{"embeddable":true,"href":"https:\/\/precolombino.cl\/wp\/wp-json\/wp\/v2\/comments?post=30589"}],"version-history":[{"count":3,"href":"https:\/\/precolombino.cl\/wp\/wp-json\/wp\/v2\/pages\/30589\/revisions"}],"predecessor-version":[{"id":30691,"href":"https:\/\/precolombino.cl\/wp\/wp-json\/wp\/v2\/pages\/30589\/revisions\/30691"}],"up":[{"embeddable":true,"href":"https:\/\/precolombino.cl\/wp\/wp-json\/wp\/v2\/pages\/827"}],"wp:featuredmedia":[{"embeddable":true,"href":"https:\/\/precolombino.cl\/wp\/wp-json\/wp\/v2\/media\/30806"}],"wp:attachment":[{"href":"https:\/\/precolombino.cl\/wp\/wp-json\/wp\/v2\/media?parent=30589"}],"curies":[{"name":"wp","href":"https:\/\/api.w.org\/{rel}","templated":true}]}}