{"id":30819,"date":"2014-07-03T12:31:50","date_gmt":"2014-07-03T15:31:50","guid":{"rendered":"http:\/\/www.precolombino.cl\/?page_id=30819"},"modified":"2014-07-21T20:02:49","modified_gmt":"2014-07-21T23:02:49","slug":"presentacion","status":"publish","type":"page","link":"https:\/\/precolombino.cl\/wp\/exposiciones\/exposiciones-temporales\/los-changos-y-sus-ancestros\/presentacion\/","title":{"rendered":"Presentaci\u00f3n"},"content":{"rendered":"<p>Al parecer no eran un solo grupo \u00e9tnico, sino poblaciones diferentes, especializadas en los diversos aspectos de la vida mar\u00edtima. Conocidos inicialmente como \u201curos pescadores\u201d, \u201ccamanchacas\u201d o \u201cproanches\u201d, desde mediados del siglo XVII comienzan a ser denominados \u201cchangos\u201d, apelativo que prevaleci\u00f3 hasta bien avanzado el siglo XX con cierta connotaci\u00f3n despectiva.<\/p>","protected":false},"excerpt":{"rendered":"<p>Al parecer no eran un solo grupo \u00e9tnico, sino poblaciones diferentes, especializadas en los diversos aspectos de la vida mar\u00edtima. Conocidos inicialmente como \u201curos pescadores\u201d, \u201ccamanchacas\u201d o \u201cproanches\u201d, desde mediados del siglo XVII comienzan a ser denominados \u201cchangos\u201d, apelativo que prevaleci\u00f3 hasta bien avanzado el siglo XX con cierta connotaci\u00f3n despectiva.<\/p>\n","protected":false},"author":1,"featured_media":30839,"parent":829,"menu_order":1,"comment_status":"open","ping_status":"open","template":"page-hijo-expo-temporal-html.php","meta":{"ngg_post_thumbnail":0},"_links":{"self":[{"href":"https:\/\/precolombino.cl\/wp\/wp-json\/wp\/v2\/pages\/30819"}],"collection":[{"href":"https:\/\/precolombino.cl\/wp\/wp-json\/wp\/v2\/pages"}],"about":[{"href":"https:\/\/precolombino.cl\/wp\/wp-json\/wp\/v2\/types\/page"}],"author":[{"embeddable":true,"href":"https:\/\/precolombino.cl\/wp\/wp-json\/wp\/v2\/users\/1"}],"replies":[{"embeddable":true,"href":"https:\/\/precolombino.cl\/wp\/wp-json\/wp\/v2\/comments?post=30819"}],"version-history":[{"count":3,"href":"https:\/\/precolombino.cl\/wp\/wp-json\/wp\/v2\/pages\/30819\/revisions"}],"predecessor-version":[{"id":31971,"href":"https:\/\/precolombino.cl\/wp\/wp-json\/wp\/v2\/pages\/30819\/revisions\/31971"}],"up":[{"embeddable":true,"href":"https:\/\/precolombino.cl\/wp\/wp-json\/wp\/v2\/pages\/829"}],"wp:featuredmedia":[{"embeddable":true,"href":"https:\/\/precolombino.cl\/wp\/wp-json\/wp\/v2\/media\/30839"}],"wp:attachment":[{"href":"https:\/\/precolombino.cl\/wp\/wp-json\/wp\/v2\/media?parent=30819"}],"curies":[{"name":"wp","href":"https:\/\/api.w.org\/{rel}","templated":true}]}}