{"id":31716,"date":"2014-07-17T17:09:54","date_gmt":"2014-07-17T20:09:54","guid":{"rendered":"http:\/\/www.precolombino.cl\/?page_id=31716"},"modified":"2014-07-17T17:09:54","modified_gmt":"2014-07-17T20:09:54","slug":"su-ideologia-politica","status":"publish","type":"page","link":"https:\/\/precolombino.cl\/wp\/exposiciones\/exposiciones-temporales\/morir-para-gobernar-sexo-y-poder-en-la-sociedad-moche-2007\/introduccion\/su-ideologia-politica\/","title":{"rendered":"Su ideolog\u00eda pol\u00edtica"},"content":{"rendered":"<p>El Estado Moche fue gobernado por una poderosa clase dirigente, que combinaba la autoridad secular con importantes funciones rituales y militares. Para mantenerse en el poder, esta elite cre\u00f3 una compleja ideolog\u00eda, materializada en grandes templos y lugares de culto, donde se escenificaban ceremonias y se usaban elaborados objetos y s\u00edmbolos. Carentes de un sistema de escritura, sus artesanos representaban en cer\u00e1mica, metal, textiles o pintura mural, los ritos, leyendas y valores de una elite gobernante que glorificaba la fuerza, la violencia, la dominaci\u00f3n. Muchas de las obras art\u00edsticas, caracterizadas por un fuerte realismo, estaban consagradas a la perpetuaci\u00f3n de la autoridad y se originaban  en una ideolog\u00eda pol\u00edtica de marcado \u00e9nfasis en lo masculino. <\/p>","protected":false},"excerpt":{"rendered":"<p>El Estado Moche fue gobernado por una poderosa clase dirigente, que combinaba la autoridad secular con importantes funciones rituales y militares. Para mantenerse en el poder, esta elite cre\u00f3 una compleja ideolog\u00eda, materializada en grandes templos y lugares de culto, donde se escenificaban ceremonias y se usaban elaborados objetos y s\u00edmbolos. Carentes de un sistema [&hellip;]<\/p>\n","protected":false},"author":1,"featured_media":0,"parent":31709,"menu_order":3,"comment_status":"open","ping_status":"open","template":"","meta":{"ngg_post_thumbnail":0},"_links":{"self":[{"href":"https:\/\/precolombino.cl\/wp\/wp-json\/wp\/v2\/pages\/31716"}],"collection":[{"href":"https:\/\/precolombino.cl\/wp\/wp-json\/wp\/v2\/pages"}],"about":[{"href":"https:\/\/precolombino.cl\/wp\/wp-json\/wp\/v2\/types\/page"}],"author":[{"embeddable":true,"href":"https:\/\/precolombino.cl\/wp\/wp-json\/wp\/v2\/users\/1"}],"replies":[{"embeddable":true,"href":"https:\/\/precolombino.cl\/wp\/wp-json\/wp\/v2\/comments?post=31716"}],"version-history":[{"count":1,"href":"https:\/\/precolombino.cl\/wp\/wp-json\/wp\/v2\/pages\/31716\/revisions"}],"predecessor-version":[{"id":31718,"href":"https:\/\/precolombino.cl\/wp\/wp-json\/wp\/v2\/pages\/31716\/revisions\/31718"}],"up":[{"embeddable":true,"href":"https:\/\/precolombino.cl\/wp\/wp-json\/wp\/v2\/pages\/31709"}],"wp:attachment":[{"href":"https:\/\/precolombino.cl\/wp\/wp-json\/wp\/v2\/media?parent=31716"}],"curies":[{"name":"wp","href":"https:\/\/api.w.org\/{rel}","templated":true}]}}