{"id":31728,"date":"2014-07-17T18:01:54","date_gmt":"2014-07-17T21:01:54","guid":{"rendered":"http:\/\/www.precolombino.cl\/?page_id=31728"},"modified":"2014-07-18T14:55:27","modified_gmt":"2014-07-18T17:55:27","slug":"el-ritual-de-la-guerra","status":"publish","type":"page","link":"https:\/\/precolombino.cl\/wp\/exposiciones\/exposiciones-temporales\/morir-para-gobernar-sexo-y-poder-en-la-sociedad-moche-2007\/el-mundo-de-los-vivos\/el-ritual-de-la-guerra\/","title":{"rendered":"El Ritual de la Guerra"},"content":{"rendered":"<p>Los conflictos armados son un tema frecuente en el arte Moche. Algunas escenas representan guerras masivas, seculares y de conquista militar, como las que permitieron a los Moche expandirse r\u00e1pidamente por el norte del Per\u00fa. Otras, en cambio, escenifican combates rituales. Sus protagonistas eran hombres j\u00f3venes, probablemente soldados de alto estatus que hab\u00edan sobrevivido a otras batallas. Provistos de gruesas armaduras, los guerreros se proteg\u00edan con sus escudos mientras intentaban golpear al adversario con sus mazas o porras. La contienda conclu\u00eda cuando uno de los combatientes perd\u00eda su casco con un golpe propinado por su contrincante. Muchos son mostrados sangrando de las narices, probablemente por los efectos del impacto. El vencedor as\u00eda del pelo a su enemigo en se\u00f1al de victoria.<\/p>","protected":false},"excerpt":{"rendered":"<p>Los conflictos armados son un tema frecuente en el arte Moche. Algunas escenas representan guerras masivas, seculares y de conquista militar, como las que permitieron a los Moche expandirse r\u00e1pidamente por el norte del Per\u00fa. Otras, en cambio, escenifican combates rituales. Sus protagonistas eran hombres j\u00f3venes, probablemente soldados de alto estatus que hab\u00edan sobrevivido a [&hellip;]<\/p>\n","protected":false},"author":1,"featured_media":31815,"parent":31724,"menu_order":2,"comment_status":"open","ping_status":"open","template":"page-nieto-expo-temporal-html.php","meta":{"ngg_post_thumbnail":0},"_links":{"self":[{"href":"https:\/\/precolombino.cl\/wp\/wp-json\/wp\/v2\/pages\/31728"}],"collection":[{"href":"https:\/\/precolombino.cl\/wp\/wp-json\/wp\/v2\/pages"}],"about":[{"href":"https:\/\/precolombino.cl\/wp\/wp-json\/wp\/v2\/types\/page"}],"author":[{"embeddable":true,"href":"https:\/\/precolombino.cl\/wp\/wp-json\/wp\/v2\/users\/1"}],"replies":[{"embeddable":true,"href":"https:\/\/precolombino.cl\/wp\/wp-json\/wp\/v2\/comments?post=31728"}],"version-history":[{"count":3,"href":"https:\/\/precolombino.cl\/wp\/wp-json\/wp\/v2\/pages\/31728\/revisions"}],"predecessor-version":[{"id":31824,"href":"https:\/\/precolombino.cl\/wp\/wp-json\/wp\/v2\/pages\/31728\/revisions\/31824"}],"up":[{"embeddable":true,"href":"https:\/\/precolombino.cl\/wp\/wp-json\/wp\/v2\/pages\/31724"}],"wp:featuredmedia":[{"embeddable":true,"href":"https:\/\/precolombino.cl\/wp\/wp-json\/wp\/v2\/media\/31815"}],"wp:attachment":[{"href":"https:\/\/precolombino.cl\/wp\/wp-json\/wp\/v2\/media?parent=31728"}],"curies":[{"name":"wp","href":"https:\/\/api.w.org\/{rel}","templated":true}]}}