{"id":32151,"date":"2014-08-06T15:09:31","date_gmt":"2014-08-06T18:09:31","guid":{"rendered":"http:\/\/www.precolombino.cl\/?page_id=32151"},"modified":"2014-09-12T16:25:10","modified_gmt":"2014-09-12T19:25:10","slug":"el-gorro-afelpado-de-atacama","status":"publish","type":"page","link":"https:\/\/precolombino.cl\/wp\/exposiciones\/exposiciones-temporales\/gorros-del-desierto-2006\/tecnologia\/el-gorro-afelpado-de-atacama\/","title":{"rendered":"El gorro afelpado de Atacama"},"content":{"rendered":"<p><iframe src=\"\/\/player.vimeo.com\/video\/16070242\" frameborder=\"0\" width=\"100%\" height=\"420\"><\/iframe><\/p>\n<p><strong>A diferencia de otros gorros de estructura anillada o anudada manufacturados de una sola vez, este tocado en particular se realiz\u00f3 por partes debido a las exigencias t\u00e9cnicas del afelpado. <\/strong><\/p>\n<p>Una de ellas, es la coronilla del gorro de finos hilados de cam\u00e9lido, tejida con enlace simple a partir de un peque\u00f1o anillo en el centro que evoluciona en espiral. La otra, corresponde al cuerpo del tocado que se confecciona desde la base hacia arriba con nudos de \u201cdoble enlace\u201d, agregando en cada uno de ellos mechas largas de fibra de cam\u00e9lido que dan forma a la felpa. Se teje de esta manera, para que al incorporar la felpa en el nudo, \u00e9sta vaya quedando hacia abajo en forma correcta. Un cord\u00f3n torcido se fija a ambos lados del borde inferior, a modo de carrillera.<\/p>","protected":false},"excerpt":{"rendered":"<p>A diferencia de otros gorros de estructura anillada o anudada manufacturados de una sola vez, este tocado en particular se realiz\u00f3 por partes debido a las exigencias t\u00e9cnicas del afelpado. Una de ellas, es la coronilla del gorro de finos hilados de cam\u00e9lido, tejida con enlace simple a partir de un peque\u00f1o anillo en el [&hellip;]<\/p>\n","protected":false},"author":1,"featured_media":32261,"parent":32142,"menu_order":4,"comment_status":"open","ping_status":"open","template":"page-nieto-expo-temporal-html.php","meta":{"ngg_post_thumbnail":0},"_links":{"self":[{"href":"https:\/\/precolombino.cl\/wp\/wp-json\/wp\/v2\/pages\/32151"}],"collection":[{"href":"https:\/\/precolombino.cl\/wp\/wp-json\/wp\/v2\/pages"}],"about":[{"href":"https:\/\/precolombino.cl\/wp\/wp-json\/wp\/v2\/types\/page"}],"author":[{"embeddable":true,"href":"https:\/\/precolombino.cl\/wp\/wp-json\/wp\/v2\/users\/1"}],"replies":[{"embeddable":true,"href":"https:\/\/precolombino.cl\/wp\/wp-json\/wp\/v2\/comments?post=32151"}],"version-history":[{"count":3,"href":"https:\/\/precolombino.cl\/wp\/wp-json\/wp\/v2\/pages\/32151\/revisions"}],"predecessor-version":[{"id":32262,"href":"https:\/\/precolombino.cl\/wp\/wp-json\/wp\/v2\/pages\/32151\/revisions\/32262"}],"up":[{"embeddable":true,"href":"https:\/\/precolombino.cl\/wp\/wp-json\/wp\/v2\/pages\/32142"}],"wp:featuredmedia":[{"embeddable":true,"href":"https:\/\/precolombino.cl\/wp\/wp-json\/wp\/v2\/media\/32261"}],"wp:attachment":[{"href":"https:\/\/precolombino.cl\/wp\/wp-json\/wp\/v2\/media?parent=32151"}],"curies":[{"name":"wp","href":"https:\/\/api.w.org\/{rel}","templated":true}]}}