{"id":32370,"date":"2014-09-17T11:30:43","date_gmt":"2014-09-17T14:30:43","guid":{"rendered":"http:\/\/www.precolombino.cl\/?page_id=32370"},"modified":"2015-02-23T12:49:55","modified_gmt":"2015-02-23T15:49:55","slug":"ver-el-mundo-con-otros-ojos","status":"publish","type":"page","link":"https:\/\/precolombino.cl\/wp\/exposiciones\/exposiciones-temporales\/oro-de-colombia-chamanismo-y-orfebreria-2005\/la-orfebreria-prehispanica-de-colombia\/ver-el-mundo-con-otros-ojos\/","title":{"rendered":"Ver el mundo con otros ojos"},"content":{"rendered":"<p>Las sociedades ind\u00edgenas americanas conciben el cosmos como una totalidad viva compuesta por una superposici\u00f3n de niveles en los cuales transcurre la existencia del hombre y dem\u00e1s criaturas -animales, r\u00edos, monta\u00f1as. Dentro de este universo los humanos, animales, plantas y esp\u00edritus hacen parte de una gran sociedad regulada por un conjunto \u00fanico de reglas de conducta.  Los seres vivos comparten propiedades fundamentales y una sola forma de esp\u00edritu que les permite transformarse unos en otros, cambiar de identidad y perspectiva: \u00abver el mundo con otros ojos\u00bb. <\/p>\n<p>El cham\u00e1n, especialista religioso y vigilante del orden social, experimenta m\u00faltiples transformaciones a trav\u00e9s de su vida. \u00c9l es quien, como un verdadero intelectual,  piensa en forma deliberada estos procesos de cambio.<\/p>\n<p>Los adornos y otros objetos de orfebrer\u00eda elaborados por las sociedades prehisp\u00e1nicas de Colombia desde el siglo V a.C. al XVI d.C. revelan la importancia de las ideas sobre transformaci\u00f3n desde tiempos antiguos. Los objetos de esta exposici\u00f3n cobran vida y significado a la luz de las mitolog\u00edas y pensamiento de los ind\u00edgenas actuales. <\/p>\n<p><\/p>","protected":false},"excerpt":{"rendered":"<p>Las sociedades ind\u00edgenas americanas conciben el cosmos como una totalidad viva compuesta por una superposici\u00f3n de niveles en los cuales transcurre la existencia del hombre y dem\u00e1s criaturas -animales, r\u00edos, monta\u00f1as. Dentro de este universo los humanos, animales, plantas y esp\u00edritus hacen parte de una gran sociedad regulada por un conjunto \u00fanico de reglas de [&hellip;]<\/p>\n","protected":false},"author":1,"featured_media":32591,"parent":32368,"menu_order":1,"comment_status":"open","ping_status":"open","template":"page-nieto-expo-temporal-html.php","meta":{"ngg_post_thumbnail":0},"_links":{"self":[{"href":"https:\/\/precolombino.cl\/wp\/wp-json\/wp\/v2\/pages\/32370"}],"collection":[{"href":"https:\/\/precolombino.cl\/wp\/wp-json\/wp\/v2\/pages"}],"about":[{"href":"https:\/\/precolombino.cl\/wp\/wp-json\/wp\/v2\/types\/page"}],"author":[{"embeddable":true,"href":"https:\/\/precolombino.cl\/wp\/wp-json\/wp\/v2\/users\/1"}],"replies":[{"embeddable":true,"href":"https:\/\/precolombino.cl\/wp\/wp-json\/wp\/v2\/comments?post=32370"}],"version-history":[{"count":3,"href":"https:\/\/precolombino.cl\/wp\/wp-json\/wp\/v2\/pages\/32370\/revisions"}],"predecessor-version":[{"id":33119,"href":"https:\/\/precolombino.cl\/wp\/wp-json\/wp\/v2\/pages\/32370\/revisions\/33119"}],"up":[{"embeddable":true,"href":"https:\/\/precolombino.cl\/wp\/wp-json\/wp\/v2\/pages\/32368"}],"wp:featuredmedia":[{"embeddable":true,"href":"https:\/\/precolombino.cl\/wp\/wp-json\/wp\/v2\/media\/32591"}],"wp:attachment":[{"href":"https:\/\/precolombino.cl\/wp\/wp-json\/wp\/v2\/media?parent=32370"}],"curies":[{"name":"wp","href":"https:\/\/api.w.org\/{rel}","templated":true}]}}