{"id":32420,"date":"2014-09-22T12:36:56","date_gmt":"2014-09-22T15:36:56","guid":{"rendered":"http:\/\/www.precolombino.cl\/?page_id=32420"},"modified":"2015-11-06T11:53:43","modified_gmt":"2015-11-06T14:53:43","slug":"el-vuelo-chamanico","status":"publish","type":"page","link":"https:\/\/precolombino.cl\/wp\/exposiciones\/exposiciones-temporales\/oro-de-colombia-chamanismo-y-orfebreria-2005\/las-transformaciones-de-sacerdotes-y-chamanes\/el-vuelo-chamanico\/","title":{"rendered":"El vuelo cham\u00e1nico"},"content":{"rendered":"<p>\u00bbEl vuelo ext\u00e1tico del cham\u00e1n proporciona el modelo para el concepto de transformaci\u00f3n. A partir de \u00e9ste, el cham\u00e1n, bajo la influencia de ciertos narc\u00f3ticos, cree poder transformarse en un p\u00e1jaro, en un jaguar o en otro animal\u00bb. (Gerardo Reichel-Dolmatoff. Antrop\u00f3logo y arque\u00f3logo colombiano, 1912-1994)<\/p>\n<p>En la orfebrer\u00eda prehisp\u00e1nica existe un grupo importante de figuras de aves, en ocasiones altamente esquematizadas, que simbolizaban el vuelo ext\u00e1tico del cham\u00e1n. Las aves son la imagen cham\u00e1nica por excelencia debido a su capacidad de vuelo y de moverse entre los distintos medios, y a su vistoso plumaje, su canto, aguda visi\u00f3n y astucia.<\/p>\n<p>El instrumento m\u00e1s poderoso del cham\u00e1n de los uwas, al norte de la Cordillera Oriental, es una pluma de garza blanca que recibe en su iniciaci\u00f3n. Cuando el cham\u00e1n entra en \u00e9xtasis se transforma en garza y vuela hacia una laguna, en donde se sumerge para salir renacido en hombre.<\/p>","protected":false},"excerpt":{"rendered":"<p>\u00bbEl vuelo ext\u00e1tico del cham\u00e1n proporciona el modelo para el concepto de transformaci\u00f3n. A partir de \u00e9ste, el cham\u00e1n, bajo la influencia de ciertos narc\u00f3ticos, cree poder transformarse en un p\u00e1jaro, en un jaguar o en otro animal\u00bb. (Gerardo Reichel-Dolmatoff. Antrop\u00f3logo y arque\u00f3logo colombiano, 1912-1994) En la orfebrer\u00eda prehisp\u00e1nica existe un grupo importante de figuras [&hellip;]<\/p>\n","protected":false},"author":1,"featured_media":32708,"parent":32413,"menu_order":3,"comment_status":"open","ping_status":"open","template":"page-nieto-expo-temporal-html.php","meta":{"ngg_post_thumbnail":0},"_links":{"self":[{"href":"https:\/\/precolombino.cl\/wp\/wp-json\/wp\/v2\/pages\/32420"}],"collection":[{"href":"https:\/\/precolombino.cl\/wp\/wp-json\/wp\/v2\/pages"}],"about":[{"href":"https:\/\/precolombino.cl\/wp\/wp-json\/wp\/v2\/types\/page"}],"author":[{"embeddable":true,"href":"https:\/\/precolombino.cl\/wp\/wp-json\/wp\/v2\/users\/1"}],"replies":[{"embeddable":true,"href":"https:\/\/precolombino.cl\/wp\/wp-json\/wp\/v2\/comments?post=32420"}],"version-history":[{"count":3,"href":"https:\/\/precolombino.cl\/wp\/wp-json\/wp\/v2\/pages\/32420\/revisions"}],"predecessor-version":[{"id":35324,"href":"https:\/\/precolombino.cl\/wp\/wp-json\/wp\/v2\/pages\/32420\/revisions\/35324"}],"up":[{"embeddable":true,"href":"https:\/\/precolombino.cl\/wp\/wp-json\/wp\/v2\/pages\/32413"}],"wp:featuredmedia":[{"embeddable":true,"href":"https:\/\/precolombino.cl\/wp\/wp-json\/wp\/v2\/media\/32708"}],"wp:attachment":[{"href":"https:\/\/precolombino.cl\/wp\/wp-json\/wp\/v2\/media?parent=32420"}],"curies":[{"name":"wp","href":"https:\/\/api.w.org\/{rel}","templated":true}]}}