{"id":35116,"date":"2015-10-20T12:12:24","date_gmt":"2015-10-20T15:12:24","guid":{"rendered":"http:\/\/www.precolombino.cl\/?page_id=35116"},"modified":"2015-10-21T12:27:38","modified_gmt":"2015-10-21T15:27:38","slug":"presentacion","status":"publish","type":"page","link":"https:\/\/precolombino.cl\/wp\/exposiciones\/exposiciones-temporales\/culturas-ancestrales-del-ecuador-lo-femenino-y-lo-masculino-2004\/presentacion\/","title":{"rendered":"Presentaci\u00f3n"},"content":{"rendered":"<p>La noci\u00f3n de g\u00e9nero designa las relaciones sociales entre los sexos, es un concepto que intenta demostrar las construcciones culturales donde la sociedad otorga roles apropiados para hombres y mujeres. A partir de estos roles asignados se entablan relaciones de igualdad, desigualdad y complementariedad entre los actores sociales de distinto sexo. El g\u00e9nero se refiere a los or\u00edgenes exclusivamente sociales de las identidades femeninas y masculinas, rechazando as\u00ed la interpretaci\u00f3n tradicional de esferas separadas entre hombres y mujeres, como simples diferencias o determinaciones biol\u00f3gicas.<\/p>\n<p>De ello se desprende que el g\u00e9nero es socialmente construido, es el conjunto de disposiciones por las que una sociedad determinada transforma la sexualidad biol\u00f3gica en expresiones de actividad humana que satisfacen las necesidades cotidianas a trav\u00e9s de pr\u00e1cticas, normas, s\u00edmbolos, representaciones y valores.<\/p>\n<p>El inter\u00e9s de dar un acercamiento hacia una visi\u00f3n de g\u00e9nero en arqueolog\u00eda radica en el intento de reconstruir la din\u00e1mica de la relaci\u00f3n entre lo masculino y lo femenino en el pasado, poniendo \u00e9nfasis en su participaci\u00f3n como actores del desarrollo y cambio sociocultural.<\/p>\n<p>La evidencia arqueol\u00f3gica es limitada y puede ser <em>muda,<\/em> pero es el \u00fanico rastro de la actividad humana del que se dispone y sabiendo interpretarlo en sus distintas manifestaciones (basurales alimenticios, instrumentos de trabajo, enterramientos y ajuares, la divisi\u00f3n y el uso del espacio, la ideolog\u00eda expresada a trav\u00e9s de las figurillas, etc.) se puede llegar a inferir la presencia y la importancia que cada sociedad dio al g\u00e9nero en el pasado. Es importante conocer lo que los hombres y las mujeres hac\u00edan al interior de las distintas sociedades y c\u00f3mo ese hacer determin\u00f3 su posici\u00f3n en la estructura social.<\/p>\n<p>Inicialmente hombres y mujeres se relacionan, complement\u00e1ndose, para modificar el entorno. Sus actividades en la apropiaci\u00f3n, producci\u00f3n y utilizaci\u00f3n de los recursos fueron los medios para satisfacer las necesidades biol\u00f3gicas y espirituales. En este proceso cada g\u00e9nero intervino en su momento para la optimizaci\u00f3n del esfuerzo colectivo. La diferenciaci\u00f3n de roles se fue delimitando de acuerdo a lo que cada sociedad asign\u00f3 a cada sexo.<\/p>","protected":false},"excerpt":{"rendered":"<p>La noci\u00f3n de g\u00e9nero designa las relaciones sociales entre los sexos, es un concepto que intenta demostrar las construcciones culturales donde la sociedad otorga roles apropiados para hombres y mujeres. A partir de estos roles asignados se entablan relaciones de igualdad, desigualdad y complementariedad entre los actores sociales de distinto sexo. El g\u00e9nero se refiere [&hellip;]<\/p>\n","protected":false},"author":1,"featured_media":35121,"parent":838,"menu_order":2,"comment_status":"open","ping_status":"open","template":"page-hijo-expo-temporal-html.php","meta":{"ngg_post_thumbnail":0},"_links":{"self":[{"href":"https:\/\/precolombino.cl\/wp\/wp-json\/wp\/v2\/pages\/35116"}],"collection":[{"href":"https:\/\/precolombino.cl\/wp\/wp-json\/wp\/v2\/pages"}],"about":[{"href":"https:\/\/precolombino.cl\/wp\/wp-json\/wp\/v2\/types\/page"}],"author":[{"embeddable":true,"href":"https:\/\/precolombino.cl\/wp\/wp-json\/wp\/v2\/users\/1"}],"replies":[{"embeddable":true,"href":"https:\/\/precolombino.cl\/wp\/wp-json\/wp\/v2\/comments?post=35116"}],"version-history":[{"count":3,"href":"https:\/\/precolombino.cl\/wp\/wp-json\/wp\/v2\/pages\/35116\/revisions"}],"predecessor-version":[{"id":35136,"href":"https:\/\/precolombino.cl\/wp\/wp-json\/wp\/v2\/pages\/35116\/revisions\/35136"}],"up":[{"embeddable":true,"href":"https:\/\/precolombino.cl\/wp\/wp-json\/wp\/v2\/pages\/838"}],"wp:featuredmedia":[{"embeddable":true,"href":"https:\/\/precolombino.cl\/wp\/wp-json\/wp\/v2\/media\/35121"}],"wp:attachment":[{"href":"https:\/\/precolombino.cl\/wp\/wp-json\/wp\/v2\/media?parent=35116"}],"curies":[{"name":"wp","href":"https:\/\/api.w.org\/{rel}","templated":true}]}}