{"id":35182,"date":"2015-10-21T11:43:53","date_gmt":"2015-10-21T14:43:53","guid":{"rendered":"http:\/\/www.precolombino.cl\/?page_id=35182"},"modified":"2015-10-21T17:15:04","modified_gmt":"2015-10-21T20:15:04","slug":"distinciones-de-estatus-por-genero","status":"publish","type":"page","link":"https:\/\/precolombino.cl\/wp\/exposiciones\/exposiciones-temporales\/culturas-ancestrales-del-ecuador-lo-femenino-y-lo-masculino-2004\/distinciones-de-estatus-por-genero\/","title":{"rendered":"Distinciones de estatus por genero."},"content":{"rendered":"<p>La iconograf\u00eda muestra diferencia de roles entre sexos. De la evidencia contextual se desprende que la mujer pudo haber jugado un papel importante dentro de las actividades religiosas y productivas, pero en menor proporci\u00f3n en el manejo pol\u00edtico.<\/p>\n<p>En la cultura Manta, las representaciones humanas en cer\u00e1mica y piedra muestran una concepci\u00f3n asim\u00e9trica del g\u00e9nero. Se observa, por ejemplo, una frecuencia mayor de personajes masculinos con adornos elaborados y a menudo sentados en bancos en una actitud que demuestra estatus. Las representaciones de mujeres, en cambio, tienen pocos adornos y aparecen sentadas en el suelo o de pie adoptando una actitud est\u00e1tica. Cosa similar ocurre en las figurillas de la cultura Negativo del Carchi.<\/p>\n<h4 class=\"h4-home-expo-temporal-html\">SOCIEDADES DE PRODUCCI\u00d3N ESPECIALIZADA<\/h4>\n<p><strong>Per\u00edodo de Desarrollo Regional 300 a.C. &#8211; 500 d.C.<\/strong><br \/>\nEn este per\u00edodo se evidencia una consolidaci\u00f3n ideol\u00f3gica y la especializaci\u00f3n en el campo de las actividades productivas, artesanales y ceremoniales. En estos \u00e1mbitos las relaciones de g\u00e9nero est\u00e1n impl\u00edcitas en todos los campos de la vida social.<\/p>\n<p>Las sociedades del Desarrollo Regional alcanzaron una estrecha relaci\u00f3n con su entorno, logrando modificar el paisaje para satisfacer sus necesidades.<\/p>\n<p>Las tareas tienden a diferenciarse con la especializaci\u00f3n. En actividades productivas, tales como la agricultura intensiva, la pesca, la caza y la recolecci\u00f3n de distintos recursos, la distribuci\u00f3n de tareas se hace seg\u00fan las capacidades individuales de cada g\u00e9nero. Las actividades artesanales se reparten, en cambio, de acuerdo a la disposici\u00f3n y a la habilidad de cada individuo. A medida en que la sociedad se vuelve m\u00e1s compleja la variedad de actividades se tornan en responsabilidades asignadas a cada g\u00e9nero.<\/p>\n<p>Muchas de las figurillas cer\u00e1micas son representaciones realistas de diferentes escenas de la vida cotidiana y ceremonial. En este per\u00edodo es com\u00fan encontrar personajes ejecutando ciertas actividades que sugieren los roles asignados socialmente, tanto a hombres como a mujeres. En muchos casos se puede inferir c\u00f3mo los g\u00e9neros se complementaban en el ejercicio del dominio en determinadas esferas<strong>.<\/strong><\/p>","protected":false},"excerpt":{"rendered":"<p>La iconograf\u00eda muestra diferencia de roles entre sexos. De la evidencia contextual se desprende que la mujer pudo haber jugado un papel importante dentro de las actividades religiosas y productivas, pero en menor proporci\u00f3n en el manejo pol\u00edtico. En la cultura Manta, las representaciones humanas en cer\u00e1mica y piedra muestran una concepci\u00f3n asim\u00e9trica del g\u00e9nero. [&hellip;]<\/p>\n","protected":false},"author":1,"featured_media":35185,"parent":838,"menu_order":12,"comment_status":"open","ping_status":"open","template":"page-hijo-expo-temporal-html.php","meta":{"ngg_post_thumbnail":0},"_links":{"self":[{"href":"https:\/\/precolombino.cl\/wp\/wp-json\/wp\/v2\/pages\/35182"}],"collection":[{"href":"https:\/\/precolombino.cl\/wp\/wp-json\/wp\/v2\/pages"}],"about":[{"href":"https:\/\/precolombino.cl\/wp\/wp-json\/wp\/v2\/types\/page"}],"author":[{"embeddable":true,"href":"https:\/\/precolombino.cl\/wp\/wp-json\/wp\/v2\/users\/1"}],"replies":[{"embeddable":true,"href":"https:\/\/precolombino.cl\/wp\/wp-json\/wp\/v2\/comments?post=35182"}],"version-history":[{"count":3,"href":"https:\/\/precolombino.cl\/wp\/wp-json\/wp\/v2\/pages\/35182\/revisions"}],"predecessor-version":[{"id":35196,"href":"https:\/\/precolombino.cl\/wp\/wp-json\/wp\/v2\/pages\/35182\/revisions\/35196"}],"up":[{"embeddable":true,"href":"https:\/\/precolombino.cl\/wp\/wp-json\/wp\/v2\/pages\/838"}],"wp:featuredmedia":[{"embeddable":true,"href":"https:\/\/precolombino.cl\/wp\/wp-json\/wp\/v2\/media\/35185"}],"wp:attachment":[{"href":"https:\/\/precolombino.cl\/wp\/wp-json\/wp\/v2\/media?parent=35182"}],"curies":[{"name":"wp","href":"https:\/\/api.w.org\/{rel}","templated":true}]}}