{"id":35409,"date":"2015-11-18T10:11:34","date_gmt":"2015-11-18T13:11:34","guid":{"rendered":"http:\/\/www.precolombino.cl\/?page_id=35409"},"modified":"2016-02-16T18:40:51","modified_gmt":"2016-02-16T21:40:51","slug":"el-quipu-las-necesidades-de-un-imperio","status":"publish","type":"page","link":"https:\/\/precolombino.cl\/wp\/exposiciones\/exposiciones-temporales\/exposicion-quipu-contar-anudando-en-el-imperio-inka-2003\/el-quipu-las-necesidades-de-un-imperio\/","title":{"rendered":"El <em>Quipu<\/em>, las necesidades de un Imperio"},"content":{"rendered":"<p>El vasto territorio abarcado por el <em>Tawantinsuyu<\/em> comprende de norte a sur una gran diversidad de ambientes naturales y de oeste a este un intrincado escalonamiento de zonas ecol\u00f3gicas, incluyendo el desierto de la costa del Pac\u00edfico, la Cordillera de los Andes y las h\u00famedas tierras bajas de la selva tropical.<\/p>\n<p>El principal desaf\u00edo para los inkas era programar y coordinar sus actividades a trav\u00e9s de un \u00e1rea caracterizada por importantes diferencias en los tiempos de siembra y cosecha, de pastoreo de cam\u00e9lidos y de disponibilidad de diversos recursos. Deb\u00edan organizar y coordinar la producci\u00f3n de alimentos, algod\u00f3n, lana, minerales, metales y otras materias primas y art\u00edculos acabados, as\u00ed como inventariar y almacenar estos productos en las <em>qollcas<\/em> o bodegas estatales. Sincronizar estas actividades requer\u00eda de un cuidadoso registro de ciclos temporales basado en observaciones astron\u00f3micas y de un calendario que programaba\u00a0desde la siembra y la cosecha hasta la celebraci\u00f3n de rituales locales y estatales.<\/p>\n<p>El <em>quipu<\/em> fue el instrumento m\u00e1s apropiado para registrar esta enorme, compleja y diversa informaci\u00f3n a trav\u00e9s del Imperio.<\/p>","protected":false},"excerpt":{"rendered":"<p>El vasto territorio abarcado por el Tawantinsuyu comprende de norte a sur una gran diversidad de ambientes naturales y de oeste a este un intrincado escalonamiento de zonas ecol\u00f3gicas, incluyendo el desierto de la costa del Pac\u00edfico, la Cordillera de los Andes y las h\u00famedas tierras bajas de la selva tropical. El principal desaf\u00edo para [&hellip;]<\/p>\n","protected":false},"author":1,"featured_media":35498,"parent":839,"menu_order":4,"comment_status":"open","ping_status":"open","template":"page-hijo-expo-temporal-html.php","meta":{"ngg_post_thumbnail":0},"_links":{"self":[{"href":"https:\/\/precolombino.cl\/wp\/wp-json\/wp\/v2\/pages\/35409"}],"collection":[{"href":"https:\/\/precolombino.cl\/wp\/wp-json\/wp\/v2\/pages"}],"about":[{"href":"https:\/\/precolombino.cl\/wp\/wp-json\/wp\/v2\/types\/page"}],"author":[{"embeddable":true,"href":"https:\/\/precolombino.cl\/wp\/wp-json\/wp\/v2\/users\/1"}],"replies":[{"embeddable":true,"href":"https:\/\/precolombino.cl\/wp\/wp-json\/wp\/v2\/comments?post=35409"}],"version-history":[{"count":3,"href":"https:\/\/precolombino.cl\/wp\/wp-json\/wp\/v2\/pages\/35409\/revisions"}],"predecessor-version":[{"id":37030,"href":"https:\/\/precolombino.cl\/wp\/wp-json\/wp\/v2\/pages\/35409\/revisions\/37030"}],"up":[{"embeddable":true,"href":"https:\/\/precolombino.cl\/wp\/wp-json\/wp\/v2\/pages\/839"}],"wp:featuredmedia":[{"embeddable":true,"href":"https:\/\/precolombino.cl\/wp\/wp-json\/wp\/v2\/media\/35498"}],"wp:attachment":[{"href":"https:\/\/precolombino.cl\/wp\/wp-json\/wp\/v2\/media?parent=35409"}],"curies":[{"name":"wp","href":"https:\/\/api.w.org\/{rel}","templated":true}]}}