{"id":35779,"date":"2015-12-14T13:17:31","date_gmt":"2015-12-14T16:17:31","guid":{"rendered":"http:\/\/www.precolombino.cl\/?page_id=35779"},"modified":"2016-01-06T10:56:43","modified_gmt":"2016-01-06T13:56:43","slug":"un-traje-en-miniatura","status":"publish","type":"page","link":"https:\/\/precolombino.cl\/wp\/exposiciones\/exposiciones-temporales\/mantos-funerarios-de-paracas-ofrendas-para-la-vida-2015\/el-arte-textil-de-paracas\/un-traje-en-miniatura\/","title":{"rendered":"Un traje en miniatura"},"content":{"rendered":"<p>Trajecito en miniatura proveniente de un mismo fardo funerario. La banda-turbante, elaborada en anillado, est\u00e1 decorada con serpientes bic\u00e9falas entrelazadas que alternan sus colores. En cambio, el manto, el taparrabos, la t\u00fanica y el poncho corto, todos tejidos a telar, presentan bordados zoomorfos estilizados y motivos geom\u00e9tricos.<\/p>","protected":false},"excerpt":{"rendered":"<p>Trajecito en miniatura proveniente de un mismo fardo funerario. La banda-turbante, elaborada en anillado, est\u00e1 decorada con serpientes bic\u00e9falas entrelazadas que alternan sus colores. En cambio, el manto, el taparrabos, la t\u00fanica y el poncho corto, todos tejidos a telar, presentan bordados zoomorfos estilizados y motivos geom\u00e9tricos.<\/p>\n","protected":false},"author":1,"featured_media":36334,"parent":35775,"menu_order":3,"comment_status":"open","ping_status":"closed","template":"page-nieto-expo-temporal-html.php","meta":{"ngg_post_thumbnail":0},"_links":{"self":[{"href":"https:\/\/precolombino.cl\/wp\/wp-json\/wp\/v2\/pages\/35779"}],"collection":[{"href":"https:\/\/precolombino.cl\/wp\/wp-json\/wp\/v2\/pages"}],"about":[{"href":"https:\/\/precolombino.cl\/wp\/wp-json\/wp\/v2\/types\/page"}],"author":[{"embeddable":true,"href":"https:\/\/precolombino.cl\/wp\/wp-json\/wp\/v2\/users\/1"}],"replies":[{"embeddable":true,"href":"https:\/\/precolombino.cl\/wp\/wp-json\/wp\/v2\/comments?post=35779"}],"version-history":[{"count":3,"href":"https:\/\/precolombino.cl\/wp\/wp-json\/wp\/v2\/pages\/35779\/revisions"}],"predecessor-version":[{"id":36567,"href":"https:\/\/precolombino.cl\/wp\/wp-json\/wp\/v2\/pages\/35779\/revisions\/36567"}],"up":[{"embeddable":true,"href":"https:\/\/precolombino.cl\/wp\/wp-json\/wp\/v2\/pages\/35775"}],"wp:featuredmedia":[{"embeddable":true,"href":"https:\/\/precolombino.cl\/wp\/wp-json\/wp\/v2\/media\/36334"}],"wp:attachment":[{"href":"https:\/\/precolombino.cl\/wp\/wp-json\/wp\/v2\/media?parent=35779"}],"curies":[{"name":"wp","href":"https:\/\/api.w.org\/{rel}","templated":true}]}}