{"id":38964,"date":"2017-01-26T13:16:53","date_gmt":"2017-01-26T16:16:53","guid":{"rendered":"http:\/\/www.precolombino.cl\/?page_id=38964"},"modified":"2017-01-27T16:52:40","modified_gmt":"2017-01-27T19:52:40","slug":"la-ceramica-diaguita-exhibe-rostros-de-aves-felinos-y-reptiles","status":"publish","type":"page","link":"https:\/\/precolombino.cl\/wp\/exposiciones\/exposiciones-temporales\/el-arte-de-ser-diaguita\/maneras-de-ser-diaguita-antes-de-los-inkas\/la-ceramica-diaguita-exhibe-rostros-de-aves-felinos-y-reptiles\/","title":{"rendered":"La cer\u00e1mica Diaguita exhibe rostros de aves, felinos y reptiles"},"content":{"rendered":"<p>Ciertos animales personificaban atributos con los cuales el Diaguita se sent\u00eda identificado. Al reproducir sus rostros, quiz\u00e1s asimilaban el poder de estos animales incorpor\u00e1ndolos a su vida cotidiana y sobre todo a sus creencias y rituales. Dentro del universo alfarero Diaguita, las escudillas zoomorfas fueron las m\u00e1s frecuentes.<\/p>","protected":false},"excerpt":{"rendered":"<p>Ciertos animales personificaban atributos con los cuales el Diaguita se sent\u00eda identificado. Al reproducir sus rostros, quiz\u00e1s asimilaban el poder de estos animales incorpor\u00e1ndolos a su vida cotidiana y sobre todo a sus creencias y rituales. Dentro del universo alfarero Diaguita, las escudillas zoomorfas fueron las m\u00e1s frecuentes.<\/p>\n","protected":false},"author":1,"featured_media":0,"parent":38867,"menu_order":5,"comment_status":"open","ping_status":"open","template":"page-nieto-expo-temporal-html.php","meta":{"ngg_post_thumbnail":0},"_links":{"self":[{"href":"https:\/\/precolombino.cl\/wp\/wp-json\/wp\/v2\/pages\/38964"}],"collection":[{"href":"https:\/\/precolombino.cl\/wp\/wp-json\/wp\/v2\/pages"}],"about":[{"href":"https:\/\/precolombino.cl\/wp\/wp-json\/wp\/v2\/types\/page"}],"author":[{"embeddable":true,"href":"https:\/\/precolombino.cl\/wp\/wp-json\/wp\/v2\/users\/1"}],"replies":[{"embeddable":true,"href":"https:\/\/precolombino.cl\/wp\/wp-json\/wp\/v2\/comments?post=38964"}],"version-history":[{"count":2,"href":"https:\/\/precolombino.cl\/wp\/wp-json\/wp\/v2\/pages\/38964\/revisions"}],"predecessor-version":[{"id":39226,"href":"https:\/\/precolombino.cl\/wp\/wp-json\/wp\/v2\/pages\/38964\/revisions\/39226"}],"up":[{"embeddable":true,"href":"https:\/\/precolombino.cl\/wp\/wp-json\/wp\/v2\/pages\/38867"}],"wp:attachment":[{"href":"https:\/\/precolombino.cl\/wp\/wp-json\/wp\/v2\/media?parent=38964"}],"curies":[{"name":"wp","href":"https:\/\/api.w.org\/{rel}","templated":true}]}}