{"id":40415,"date":"2017-09-22T17:40:29","date_gmt":"2017-09-22T20:40:29","guid":{"rendered":"http:\/\/www.precolombino.cl\/?page_id=40415"},"modified":"2019-04-05T11:46:07","modified_gmt":"2019-04-05T14:46:07","slug":"san-pedro-y-san-pablo-en-atacama","status":"publish","type":"page","link":"https:\/\/precolombino.cl\/wp\/exposiciones\/exposiciones-temporales\/san-pedro-y-san-pablo-en-atacama\/","title":{"rendered":"San Pedro y San Pablo en Atacama &#8211; 2017"},"content":{"rendered":"<p><strong>Fotograf\u00edas de Ralph Bennett Crignola, Portal del Museo, Junio-Diciembre 2017<\/strong><\/p>\n<p>San Pedro de Atacama, 29 de junio de 2014, se escuchan a lo lejos tambores y flautas, bronces, bombos y alabanzas a los santos. Hace calor en el desierto m\u00e1s seco del mundo. Y suena fuerte esta mezcla de escalas que parecen encerrar al pueblo en una muralla invisible de notas.<\/p>\n<p>Hoy el pueblo celebra. Con guirnaldas. Con flores. Celebra a los santos como se viene haciendo hace cientos de a\u00f1os.<\/p>\n<p>Los promesantes llegan desde los distintos Ayllus con los bailes del Torito, Pedro y Pablo, Los Catimbanos y El Negro. Algunos vienen desde lejos. Vestidos con botas, cachos de vaca, sombreros extra\u00f1os y hasta suris en la espalda. Trajes rituales con terciopelos, lycras y nylon. Los penitentes vienen transpirando y dan lo mejor de s\u00ed.<\/p>\n<p>Los bailes entran a la Iglesia para entregar sus saludos al Santo Patrono. Hay personajes con espadas, bailarines agotados que siguen zapateando y levantando una impenetrable cortina de polvo, hay curiosos, turistas, Achaches, Agostos, Rosas, Negras, Franciscanos y Margaritas. V\u00edrgenes en andas y Cristos con pelo de verdad.<\/p>\n<p>Las creencias de la vieja comunidad atacame\u00f1a se mezclan con ritos e im\u00e1genes del conquistador espa\u00f1ol para crear una de las m\u00e1s bellas expresiones de sincretismo en Chile.<\/p>","protected":false},"excerpt":{"rendered":"<p>Fotograf\u00edas de Ralph Bennett Crignola, Portal del Museo, Junio-Diciembre 2017 San Pedro de Atacama, 29 de junio de 2014, se escuchan a lo lejos tambores y flautas, bronces, bombos y alabanzas a los santos. Hace calor en el desierto m\u00e1s seco del mundo. Y suena fuerte esta mezcla de escalas que parecen encerrar al pueblo [&hellip;]<\/p>\n","protected":false},"author":11,"featured_media":0,"parent":31,"menu_order":4,"comment_status":"open","ping_status":"closed","template":"page-home-expo-temporal-html-fotografias.php","meta":{"ngg_post_thumbnail":0},"_links":{"self":[{"href":"https:\/\/precolombino.cl\/wp\/wp-json\/wp\/v2\/pages\/40415"}],"collection":[{"href":"https:\/\/precolombino.cl\/wp\/wp-json\/wp\/v2\/pages"}],"about":[{"href":"https:\/\/precolombino.cl\/wp\/wp-json\/wp\/v2\/types\/page"}],"author":[{"embeddable":true,"href":"https:\/\/precolombino.cl\/wp\/wp-json\/wp\/v2\/users\/11"}],"replies":[{"embeddable":true,"href":"https:\/\/precolombino.cl\/wp\/wp-json\/wp\/v2\/comments?post=40415"}],"version-history":[{"count":3,"href":"https:\/\/precolombino.cl\/wp\/wp-json\/wp\/v2\/pages\/40415\/revisions"}],"predecessor-version":[{"id":44871,"href":"https:\/\/precolombino.cl\/wp\/wp-json\/wp\/v2\/pages\/40415\/revisions\/44871"}],"up":[{"embeddable":true,"href":"https:\/\/precolombino.cl\/wp\/wp-json\/wp\/v2\/pages\/31"}],"wp:attachment":[{"href":"https:\/\/precolombino.cl\/wp\/wp-json\/wp\/v2\/media?parent=40415"}],"curies":[{"name":"wp","href":"https:\/\/api.w.org\/{rel}","templated":true}]}}