{"id":40974,"date":"2017-12-19T19:22:39","date_gmt":"2017-12-19T22:22:39","guid":{"rendered":"http:\/\/www.precolombino.cl\/?page_id=40974"},"modified":"2018-02-26T13:51:43","modified_gmt":"2018-02-26T16:51:43","slug":"el-vuelo-del-condor","status":"publish","type":"page","link":"https:\/\/precolombino.cl\/wp\/exposiciones\/exposiciones-temporales\/taira-el-amanecer-del-arte-en-atacama-2017\/el-vuelo-del-condor\/","title":{"rendered":"EL VUELO DEL C\u00d3NDOR"},"content":{"rendered":"<p><span style=\"font-weight: 400;\">\u201cAl sobrevolar el Alto Loa impresiona observar el cerro Sirawe, con sus arenas de dos colores que semejan un gran ojo movido por el viento. La mirada del  Sirawe vigila la legendaria pampa Cuestecilla, interrumpida por una enorme grieta en el paisaje: el ca\u00f1\u00f3n del r\u00edo Loa\u201d.<\/span><\/p>\n<p>Sesenta metros m\u00e1s abajo, vemos zigzaguear las aguas del r\u00edo, como una gran culebra que da vida al desierto, en cuyas verdes riberas, la humedad destaca en medio de la aridez absoluta. All\u00ed, brotando desde milenarias napas subterr\u00e1neas, las burbujeantes y c\u00e1lidas aguas de diecis\u00e9is manantiales alimentan densos pastizales, que son la delicia de las llamas del lugar. A pocos metros de este lugar, est\u00e1 el Alero Taira y su arte rupestre.<\/p>","protected":false},"excerpt":{"rendered":"<p>\u201cAl sobrevolar el Alto Loa impresiona observar el cerro Sirawe, con sus arenas de dos colores que semejan un gran ojo movido por el viento. La mirada del Sirawe vigila la legendaria pampa Cuestecilla, interrumpida por una enorme grieta en el paisaje: el ca\u00f1\u00f3n del r\u00edo Loa\u201d. Sesenta metros m\u00e1s abajo, vemos zigzaguear las aguas [&hellip;]<\/p>\n","protected":false},"author":11,"featured_media":41068,"parent":40967,"menu_order":3,"comment_status":"open","ping_status":"open","template":"page-hijo-expo-temporal-html.php","meta":{"ngg_post_thumbnail":0},"_links":{"self":[{"href":"https:\/\/precolombino.cl\/wp\/wp-json\/wp\/v2\/pages\/40974"}],"collection":[{"href":"https:\/\/precolombino.cl\/wp\/wp-json\/wp\/v2\/pages"}],"about":[{"href":"https:\/\/precolombino.cl\/wp\/wp-json\/wp\/v2\/types\/page"}],"author":[{"embeddable":true,"href":"https:\/\/precolombino.cl\/wp\/wp-json\/wp\/v2\/users\/11"}],"replies":[{"embeddable":true,"href":"https:\/\/precolombino.cl\/wp\/wp-json\/wp\/v2\/comments?post=40974"}],"version-history":[{"count":3,"href":"https:\/\/precolombino.cl\/wp\/wp-json\/wp\/v2\/pages\/40974\/revisions"}],"predecessor-version":[{"id":41462,"href":"https:\/\/precolombino.cl\/wp\/wp-json\/wp\/v2\/pages\/40974\/revisions\/41462"}],"up":[{"embeddable":true,"href":"https:\/\/precolombino.cl\/wp\/wp-json\/wp\/v2\/pages\/40967"}],"wp:featuredmedia":[{"embeddable":true,"href":"https:\/\/precolombino.cl\/wp\/wp-json\/wp\/v2\/media\/41068"}],"wp:attachment":[{"href":"https:\/\/precolombino.cl\/wp\/wp-json\/wp\/v2\/media?parent=40974"}],"curies":[{"name":"wp","href":"https:\/\/api.w.org\/{rel}","templated":true}]}}