{"id":43462,"date":"2018-12-19T10:22:58","date_gmt":"2018-12-19T13:22:58","guid":{"rendered":"http:\/\/www.precolombino.cl\/?page_id=43462"},"modified":"2019-04-05T11:41:29","modified_gmt":"2019-04-05T14:41:29","slug":"los-inkas-en-la-memoria-de-tongos-2018","status":"publish","type":"page","link":"https:\/\/precolombino.cl\/wp\/exposiciones\/exposiciones-temporales\/los-inkas-en-la-memoria-de-tongos-2018\/","title":{"rendered":"Los inkas en la memoria de Tongos &#8211; 2018"},"content":{"rendered":"<p>San Pedro de Tongos es un pueblito de la provincia de Huaura, en la sierra peruana, situado a 3400 metros de altura. Ah\u00ed se celebra todos los a\u00f1os la fiesta de San Pedro, patrono del pueblo.<br \/>\nDurante esta celebraci\u00f3n de siete d\u00edas, los pobladores realizan una obra de teatro colectiva en que recuerdan la muerte de los \u00faltimos reyes inkas en manos de los espa\u00f1oles.<\/p>\n<p>La historia oficial dice que Atawallpa mand\u00f3 matar a su hermano Waskar, y que luego el conquistador Francisco Pizarro mat\u00f3 a Atawallpa. En Tongos la historia es distinta; Pizarro mata a ambos y se apodera as\u00ed del Imperio Inka.<\/p>\n<p>El relato de la obra cuenta los \u00faltimos d\u00edas de los inkas y de su imperio. Los reyes se despiden de su pueblo danzando y repartiendo su riqueza.<\/p>\n<p>En paralelo se hacen varias procesiones paseando a San Pedro por el pueblo y se bailan largos huaynos al son de las orquestas.<\/p>\n<p>Claudio Mercado y Pablo Villalobos, investigadores del \u00c1rea Audiovisual del Museo Chileno de Arte Precolombino, fueron a Tongos a filmar la fiesta para la exposici\u00f3n La Fiesta de las im\u00e1genes en los Andes. Esta serie de fotograf\u00edas da cuenta de esa experiencia.<\/p>\n<p>2018<\/p>\n<p>La exposici\u00f3n se mantendr\u00e1 abierta a p\u00fablico en el Portal del Museo hasta mediados de 2019<\/p>","protected":false},"excerpt":{"rendered":"<p>San Pedro de Tongos es un pueblito de la provincia de Huaura, en la sierra peruana, situado a 3400 metros de altura. Ah\u00ed se celebra todos los a\u00f1os la fiesta de San Pedro, patrono del pueblo. Durante esta celebraci\u00f3n de siete d\u00edas, los pobladores realizan una obra de teatro colectiva en que recuerdan la muerte [&hellip;]<\/p>\n","protected":false},"author":1,"featured_media":43452,"parent":31,"menu_order":1,"comment_status":"open","ping_status":"closed","template":"","meta":{"ngg_post_thumbnail":0},"_links":{"self":[{"href":"https:\/\/precolombino.cl\/wp\/wp-json\/wp\/v2\/pages\/43462"}],"collection":[{"href":"https:\/\/precolombino.cl\/wp\/wp-json\/wp\/v2\/pages"}],"about":[{"href":"https:\/\/precolombino.cl\/wp\/wp-json\/wp\/v2\/types\/page"}],"author":[{"embeddable":true,"href":"https:\/\/precolombino.cl\/wp\/wp-json\/wp\/v2\/users\/1"}],"replies":[{"embeddable":true,"href":"https:\/\/precolombino.cl\/wp\/wp-json\/wp\/v2\/comments?post=43462"}],"version-history":[{"count":3,"href":"https:\/\/precolombino.cl\/wp\/wp-json\/wp\/v2\/pages\/43462\/revisions"}],"predecessor-version":[{"id":43638,"href":"https:\/\/precolombino.cl\/wp\/wp-json\/wp\/v2\/pages\/43462\/revisions\/43638"}],"up":[{"embeddable":true,"href":"https:\/\/precolombino.cl\/wp\/wp-json\/wp\/v2\/pages\/31"}],"wp:featuredmedia":[{"embeddable":true,"href":"https:\/\/precolombino.cl\/wp\/wp-json\/wp\/v2\/media\/43452"}],"wp:attachment":[{"href":"https:\/\/precolombino.cl\/wp\/wp-json\/wp\/v2\/media?parent=43462"}],"curies":[{"name":"wp","href":"https:\/\/api.w.org\/{rel}","templated":true}]}}