{"id":43603,"date":"2018-12-19T13:20:42","date_gmt":"2018-12-19T16:20:42","guid":{"rendered":"http:\/\/www.precolombino.cl\/?page_id=43603"},"modified":"2018-12-19T13:20:42","modified_gmt":"2018-12-19T16:20:42","slug":"el-inka-y-sus-consejeros-del-collasuyu","status":"publish","type":"page","link":"https:\/\/precolombino.cl\/wp\/exposiciones\/exposicion-itinerante\/gorros-del-desierto-2006\/escenas\/el-inka-y-sus-consejeros-del-collasuyu\/","title":{"rendered":"El inka y sus consejeros del Collasuyu"},"content":{"rendered":"<p><strong>Los representantes del Collasuyu en el consejo real del Inka eran dignatarios de origen Aymara que llevaban gorros de forma semiesf\u00e9rica y de cono truncado.<\/strong><\/p>\n<p>El Inka gobernante llevaba diversas insignias reales que lo identificaban como el Zapan Inka, la gran autoridad. En la cabeza exhib\u00eda el llautu, especie de cintillo que tej\u00edan en lana de varios colores, y la masqa paycha, una borla de lana muy fina que iba cosida al llautu y ca\u00eda sobre la frente. Desde su capital, la ciudad del Cuzco, el Zapan Inka gobernaba con la asistencia de un Consejo Real integrado por un selecto grupo de representantes de las cuatro grandes divisiones territoriales en que estaba dividido el imperio: Antisuyu, Condesuyu, Chinchaysuyu y Collasuyu. Los exponentes del Collasuyu representaban al cuadrante que se extend\u00eda al sur del Cuzco y que inclu\u00eda el sur del Per\u00fa, y gran parte de Bolivia, Chile y Argentina. Correspond\u00edan a altos dignatarios de los se\u00f1or\u00edos m\u00e1s importantes del lago Titicaca y se les reconoc\u00eda por sus gorros de forma hemisf\u00e9rica o de cono truncado. Los que llevaban gorros hemisf\u00e9ricos bajos eran los grupos collas y los de gorro hemisf\u00e9rico alto, los grupos canas, ambos del norte del lago. Aquellos que llevaban gorros troncoc\u00f3nicos de un solo color distingu\u00edan a los grupos pacajes y los de gorro troncoc\u00f3nico de varios colores, a los grupos carangas, aullagas y quillacas, que viv\u00edan al sur del lago. O sea, toda la amplia diversidad \u00e9tnica y pol\u00edtica del vasto territorio meridional comprendido en el Collasuyu, estaba representada en el Consejo Real del Inka exclusivamente por autoridades de origen aymara.<\/p>","protected":false},"excerpt":{"rendered":"<p>Los representantes del Collasuyu en el consejo real del Inka eran dignatarios de origen Aymara que llevaban gorros de forma semiesf\u00e9rica y de cono truncado. El Inka gobernante llevaba diversas insignias reales que lo identificaban como el Zapan Inka, la gran autoridad. En la cabeza exhib\u00eda el llautu, especie de cintillo que tej\u00edan en lana [&hellip;]<\/p>\n","protected":false},"author":1,"featured_media":32252,"parent":43597,"menu_order":2,"comment_status":"open","ping_status":"open","template":"page-nieto-expo-temporal-html.php","meta":{"ngg_post_thumbnail":0},"_links":{"self":[{"href":"https:\/\/precolombino.cl\/wp\/wp-json\/wp\/v2\/pages\/43603"}],"collection":[{"href":"https:\/\/precolombino.cl\/wp\/wp-json\/wp\/v2\/pages"}],"about":[{"href":"https:\/\/precolombino.cl\/wp\/wp-json\/wp\/v2\/types\/page"}],"author":[{"embeddable":true,"href":"https:\/\/precolombino.cl\/wp\/wp-json\/wp\/v2\/users\/1"}],"replies":[{"embeddable":true,"href":"https:\/\/precolombino.cl\/wp\/wp-json\/wp\/v2\/comments?post=43603"}],"version-history":[{"count":1,"href":"https:\/\/precolombino.cl\/wp\/wp-json\/wp\/v2\/pages\/43603\/revisions"}],"predecessor-version":[{"id":43608,"href":"https:\/\/precolombino.cl\/wp\/wp-json\/wp\/v2\/pages\/43603\/revisions\/43608"}],"up":[{"embeddable":true,"href":"https:\/\/precolombino.cl\/wp\/wp-json\/wp\/v2\/pages\/43597"}],"wp:featuredmedia":[{"embeddable":true,"href":"https:\/\/precolombino.cl\/wp\/wp-json\/wp\/v2\/media\/32252"}],"wp:attachment":[{"href":"https:\/\/precolombino.cl\/wp\/wp-json\/wp\/v2\/media?parent=43603"}],"curies":[{"name":"wp","href":"https:\/\/api.w.org\/{rel}","templated":true}]}}