{"id":43620,"date":"2018-12-19T13:27:15","date_gmt":"2018-12-19T16:27:15","guid":{"rendered":"http:\/\/www.precolombino.cl\/?page_id=43620"},"modified":"2018-12-19T13:27:15","modified_gmt":"2018-12-19T16:27:15","slug":"los-cascos-de-la-pampa","status":"publish","type":"page","link":"https:\/\/precolombino.cl\/wp\/exposiciones\/exposicion-itinerante\/gorros-del-desierto-2006\/tecnologia\/los-cascos-de-la-pampa\/","title":{"rendered":"Los cascos de la Pampa"},"content":{"rendered":"<p><iframe src=\"\/\/player.vimeo.com\/video\/16057289\" width=\"100%\" height=\"420\" frameborder=\"0\"><\/iframe><\/p>\n<p><strong>Para hacer el armaz\u00f3n de un casco, primero se doblan tres tablillas de madera y se fijan con un cordel en el punto donde \u00e9stas se interceptan.<\/strong><\/p>\n<p>Con un fino hilado de fibra de cam\u00e9lido se envuelve una trama semiflexible compuesta de tallos de junco, que evoluciona en espiral en torno al armaz\u00f3n, al mismo tiempo que la va fijando a las tablillas mediante dos lazadas en los puntos donde las urdimbres y tramas se cruzan. A un tercio de la altura del casco, se agregan e intercalan el resto de las tablillas que completan el armaz\u00f3n. La gruesa trama contin\u00faa avanzando hasta la escotadura del casco, donde las tablillas son m\u00e1s cortas. A la altura de las orejas, se inserta por el interior un cord\u00f3n torcido que sirve como carrillera. Los dise\u00f1os policromos que ostentan muchos de estos cascos se realizan cambiando el color de los hilados envolventes, ocultando los extremos de las hebras bajo las vueltas de la pr\u00f3xima. Algunos cascos presentan, adem\u00e1s, aplicaciones laterales de penachos de plumas o palitos.<\/p>","protected":false},"excerpt":{"rendered":"<p>Para hacer el armaz\u00f3n de un casco, primero se doblan tres tablillas de madera y se fijan con un cordel en el punto donde \u00e9stas se interceptan. Con un fino hilado de fibra de cam\u00e9lido se envuelve una trama semiflexible compuesta de tallos de junco, que evoluciona en espiral en torno al armaz\u00f3n, al mismo [&hellip;]<\/p>\n","protected":false},"author":1,"featured_media":32263,"parent":43612,"menu_order":3,"comment_status":"open","ping_status":"open","template":"page-nieto-expo-temporal-html.php","meta":{"ngg_post_thumbnail":0},"_links":{"self":[{"href":"https:\/\/precolombino.cl\/wp\/wp-json\/wp\/v2\/pages\/43620"}],"collection":[{"href":"https:\/\/precolombino.cl\/wp\/wp-json\/wp\/v2\/pages"}],"about":[{"href":"https:\/\/precolombino.cl\/wp\/wp-json\/wp\/v2\/types\/page"}],"author":[{"embeddable":true,"href":"https:\/\/precolombino.cl\/wp\/wp-json\/wp\/v2\/users\/1"}],"replies":[{"embeddable":true,"href":"https:\/\/precolombino.cl\/wp\/wp-json\/wp\/v2\/comments?post=43620"}],"version-history":[{"count":1,"href":"https:\/\/precolombino.cl\/wp\/wp-json\/wp\/v2\/pages\/43620\/revisions"}],"predecessor-version":[{"id":43626,"href":"https:\/\/precolombino.cl\/wp\/wp-json\/wp\/v2\/pages\/43620\/revisions\/43626"}],"up":[{"embeddable":true,"href":"https:\/\/precolombino.cl\/wp\/wp-json\/wp\/v2\/pages\/43612"}],"wp:featuredmedia":[{"embeddable":true,"href":"https:\/\/precolombino.cl\/wp\/wp-json\/wp\/v2\/media\/32263"}],"wp:attachment":[{"href":"https:\/\/precolombino.cl\/wp\/wp-json\/wp\/v2\/media?parent=43620"}],"curies":[{"name":"wp","href":"https:\/\/api.w.org\/{rel}","templated":true}]}}