{"id":43817,"date":"2018-12-21T10:33:46","date_gmt":"2018-12-21T13:33:46","guid":{"rendered":"http:\/\/www.precolombino.cl\/?page_id=43817"},"modified":"2018-12-21T10:40:28","modified_gmt":"2018-12-21T13:40:28","slug":"el-senor-de-los-camelidos","status":"publish","type":"page","link":"https:\/\/precolombino.cl\/wp\/exposiciones\/exposicion-itinerante\/taira-el-amanecer-del-arte-en-atacama-2017\/el-arte-de-los-deseos-2\/el-senor-de-los-camelidos\/","title":{"rendered":"El Se\u00f1or de los Cam\u00e9lidos"},"content":{"rendered":"<p>La relaci\u00f3n entre llamas y pastores se expresa en un personaje mitad hombre, mitad animal, que parece ser un esp\u00edritu vinculado con la fertilidad de las llamas, los manantiales y la lluvia.<\/p>\n<p><span style=\"font-weight: 400;\">Este ser sobrenatural suele representarse de pie o sentado, vestido con una t\u00fanica o faldell\u00edn y rayos en la cabeza. Por lo general, tiene sus manos y pies divididos, emulando las caracter\u00edsticas patas partidas de los cam\u00e9lidos. Su imagen es frecuente en el arte rupestre de la regi\u00f3n y tambi\u00e9n en objetos port\u00e1tiles como los textiles y la cester\u00eda. \u00a0<\/span><\/p>","protected":false},"excerpt":{"rendered":"<p>La relaci\u00f3n entre llamas y pastores se expresa en un personaje mitad hombre, mitad animal, que parece ser un esp\u00edritu vinculado con la fertilidad de las llamas, los manantiales y la lluvia. Este ser sobrenatural suele representarse de pie o sentado, vestido con una t\u00fanica o faldell\u00edn y rayos en la cabeza. Por lo general, [&hellip;]<\/p>\n","protected":false},"author":1,"featured_media":0,"parent":43702,"menu_order":2,"comment_status":"open","ping_status":"open","template":"page-nieto-expo-temporal-html.php","meta":{"ngg_post_thumbnail":0},"_links":{"self":[{"href":"https:\/\/precolombino.cl\/wp\/wp-json\/wp\/v2\/pages\/43817"}],"collection":[{"href":"https:\/\/precolombino.cl\/wp\/wp-json\/wp\/v2\/pages"}],"about":[{"href":"https:\/\/precolombino.cl\/wp\/wp-json\/wp\/v2\/types\/page"}],"author":[{"embeddable":true,"href":"https:\/\/precolombino.cl\/wp\/wp-json\/wp\/v2\/users\/1"}],"replies":[{"embeddable":true,"href":"https:\/\/precolombino.cl\/wp\/wp-json\/wp\/v2\/comments?post=43817"}],"version-history":[{"count":1,"href":"https:\/\/precolombino.cl\/wp\/wp-json\/wp\/v2\/pages\/43817\/revisions"}],"predecessor-version":[{"id":43821,"href":"https:\/\/precolombino.cl\/wp\/wp-json\/wp\/v2\/pages\/43817\/revisions\/43821"}],"up":[{"embeddable":true,"href":"https:\/\/precolombino.cl\/wp\/wp-json\/wp\/v2\/pages\/43702"}],"wp:attachment":[{"href":"https:\/\/precolombino.cl\/wp\/wp-json\/wp\/v2\/media?parent=43817"}],"curies":[{"name":"wp","href":"https:\/\/api.w.org\/{rel}","templated":true}]}}