{"id":487,"date":"2011-03-17T13:14:41","date_gmt":"2011-03-17T13:14:41","guid":{"rendered":"http:\/\/www.precolombino.cl\/wp\/"},"modified":"2012-03-16T16:18:20","modified_gmt":"2012-03-16T19:18:20","slug":"tecnologias-precolombinas","status":"publish","type":"page","link":"https:\/\/precolombino.cl\/wp\/recursos-educativos\/tecnologias-precolombinas\/","title":{"rendered":"Tecnolog\u00edas precolombinas"},"content":{"rendered":"<p>Los apremios de la subsistencia, la b\u00fasqueda de modos de marcar diferencias sociales o la necesidad de conseguir instrumentos musicales muy precisos, entre muchas otras motivaciones, llev\u00f3 a los pueblos precolombinos a explorar un sinf\u00edn de tecnolog\u00edas artesanales y de ingenier\u00eda. Algunas de ellas se desarrollaron \u00fanicamente en este continente, aunque una parte importante es comparable con las utilizadas por pueblos preindustriales de todo el mundo. No obstante esto \u00faltimo, la mayor\u00eda de las tecnolog\u00edas utilizadas con posterioridad a la colonizaci\u00f3n de Am\u00e9rica, hace m\u00e1s de 15.000 a\u00f1os, son desarrollos independientes de los del Viejo Mundo.<\/p>\n<p>Algunas de estas tecnolog\u00edas se destacan por su simpleza y eficiencia, por ejemplo, para obtener a partir de una roca un preciso cuchillo, pero que permitieron a algunos americanos sobrevivir en los climas m\u00e1s hostiles del planeta. Otras son la expresi\u00f3n de un alto refinamiento y realizadas por especialistas poseedores de conocimientos considerados sagrados, tales como lograr que una campana de bronce ta\u00f1era de una determinada manera.<\/p>","protected":false},"excerpt":{"rendered":"<p>Los apremios de la subsistencia, la b\u00fasqueda de modos de marcar diferencias sociales o la necesidad de conseguir instrumentos musicales muy precisos, entre muchas otras motivaciones, llev\u00f3 a los pueblos precolombinos a explorar un sinf\u00edn de tecnolog\u00edas artesanales y de ingenier\u00eda. Algunas de ellas se desarrollaron \u00fanicamente en este continente, aunque una parte importante es [&hellip;]<\/p>\n","protected":false},"author":1,"featured_media":15895,"parent":473,"menu_order":5,"comment_status":"open","ping_status":"closed","template":"page-educacion-interior.php","meta":{"ngg_post_thumbnail":0},"_links":{"self":[{"href":"https:\/\/precolombino.cl\/wp\/wp-json\/wp\/v2\/pages\/487"}],"collection":[{"href":"https:\/\/precolombino.cl\/wp\/wp-json\/wp\/v2\/pages"}],"about":[{"href":"https:\/\/precolombino.cl\/wp\/wp-json\/wp\/v2\/types\/page"}],"author":[{"embeddable":true,"href":"https:\/\/precolombino.cl\/wp\/wp-json\/wp\/v2\/users\/1"}],"replies":[{"embeddable":true,"href":"https:\/\/precolombino.cl\/wp\/wp-json\/wp\/v2\/comments?post=487"}],"version-history":[{"count":3,"href":"https:\/\/precolombino.cl\/wp\/wp-json\/wp\/v2\/pages\/487\/revisions"}],"predecessor-version":[{"id":633,"href":"https:\/\/precolombino.cl\/wp\/wp-json\/wp\/v2\/pages\/487\/revisions\/633"}],"up":[{"embeddable":true,"href":"https:\/\/precolombino.cl\/wp\/wp-json\/wp\/v2\/pages\/473"}],"wp:featuredmedia":[{"embeddable":true,"href":"https:\/\/precolombino.cl\/wp\/wp-json\/wp\/v2\/media\/15895"}],"wp:attachment":[{"href":"https:\/\/precolombino.cl\/wp\/wp-json\/wp\/v2\/media?parent=487"}],"curies":[{"name":"wp","href":"https:\/\/api.w.org\/{rel}","templated":true}]}}