{"id":719,"date":"2011-03-17T16:01:32","date_gmt":"2011-03-17T19:01:32","guid":{"rendered":"http:\/\/www.precolombino.cl\/wp\/"},"modified":"2023-06-08T15:45:45","modified_gmt":"2023-06-08T18:45:45","slug":"guia-para-el-profesor","status":"publish","type":"page","link":"https:\/\/precolombino.cl\/wp\/planifica-tu-visita\/guia-para-el-profesor\/","title":{"rendered":"Gu\u00eda para el Profesor"},"content":{"rendered":"<p><strong>Gu\u00eda para el Profesor<\/strong><\/p>\n<ul>\n<li>Haga su reserva al menos con un mes de anticipaci\u00f3n. Puede ser solicitada en\u00a0<a title=\"http:\/\/visitas.precolombino.cl\" href=\"http:\/\/visitas.precolombino.cl\/\" target=\"_blank\" rel=\"noopener\">http:\/\/visitas.precolombino.cl<\/a>\u00a0.<\/li>\n<li>Por favor, antes de venir con sus alumnos, visite el Museo por su cuenta. S\u00f3lo as\u00ed sabr\u00e1 qu\u00e9 esperar de la visita y qu\u00e9 tipo de actividades o tareas pedir a los alumnos.<\/li>\n<li>Conscientes de que cada grupo escolar tiene sus propias necesidades e intereses, el Museo no ofrece ning\u00fan tipo de material o visita predise\u00f1ada, pero lo invitamos especialmente a coordinarse con alguno de nuestros gu\u00edas para programar una visita o actividades de motivaci\u00f3n y seguimiento que aprovechen de la mejor forma la experiencia de visitarnos.<\/li>\n<li>Le rogamos encarecidamente puntualidad. El Museo no puede garantizar la atenci\u00f3n de su grupo pasados quince minutos del horario reservado.<\/li>\n<li>Rogamos procurar venir sin mochilas. El Museo no se hace responsable de p\u00e9rdidas.<\/li>\n<li>Si hay un ni\u00f1o impedido f\u00edsicamente en el grupo rogamos avisar en el momento de hacer la reserva, para prepararnos adecuadamente.<\/li>\n<li>Para evitar trastornos en el Museo, agradeceremos avisar con la mayor anticipaci\u00f3n posible si no va a usar la hora reservada para visita, de modo de redestinarla y aprovechar de la mejor forma el servicio de visitas guiadas.<\/li>\n<\/ul>\n<h5>Libros \u00abRutas por el Pasado de Am\u00e9rica, Ense\u00f1anza B\u00e1sica y Media\u00bb<\/h5>\n<p><a href=\"http:\/\/www.precolombino.cl\/wp\/wp-content\/uploads\/rutas-por-el-pasado-basica.zip\">Rutas por el Pasado de Am\u00e9rica Ense\u00f1anza B\u00e1sica<\/a><a href=\"http:\/\/www.precolombino.cl\/wp\/wp-content\/uploads\/rutas-por-el-pasado-media.zip\">Rutas por el Pasado de Am\u00e9rica Ense\u00f1anza Media<\/a><\/p>\n<ul>\n<li>Los libros \u201cRutas por el pasado de Am\u00e9rica\u201d son un aporte para que el profesor planifique la visita a la exposici\u00f3n permanente en relaci\u00f3n a los Objetivos Fundamentales y Contenidos M\u00ednimos, as\u00ed como a sus propios objetivos. Les invitamos a conocer este material para aprovechar mejor las visitas con sus cursos. Insistimos en que nada reemplaza el que Ud. Visite el Museo antes de traer a los ni\u00f1os y\/o j\u00f3venes<\/li>\n<\/ul>\n<p><\/p>","protected":false},"excerpt":{"rendered":"<p>Gu\u00eda para el Profesor Haga su reserva al menos con un mes de anticipaci\u00f3n. Puede ser solicitada en\u00a0http:\/\/visitas.precolombino.cl\u00a0. Por favor, antes de venir con sus alumnos, visite el Museo por su cuenta. S\u00f3lo as\u00ed sabr\u00e1 qu\u00e9 esperar de la visita y qu\u00e9 tipo de actividades o tareas pedir a los alumnos. Conscientes de que cada [&hellip;]<\/p>\n","protected":false},"author":1,"featured_media":21817,"parent":16990,"menu_order":4,"comment_status":"open","ping_status":"closed","template":"page-segundo-nivel.php","meta":{"ngg_post_thumbnail":0},"_links":{"self":[{"href":"https:\/\/precolombino.cl\/wp\/wp-json\/wp\/v2\/pages\/719"}],"collection":[{"href":"https:\/\/precolombino.cl\/wp\/wp-json\/wp\/v2\/pages"}],"about":[{"href":"https:\/\/precolombino.cl\/wp\/wp-json\/wp\/v2\/types\/page"}],"author":[{"embeddable":true,"href":"https:\/\/precolombino.cl\/wp\/wp-json\/wp\/v2\/users\/1"}],"replies":[{"embeddable":true,"href":"https:\/\/precolombino.cl\/wp\/wp-json\/wp\/v2\/comments?post=719"}],"version-history":[{"count":4,"href":"https:\/\/precolombino.cl\/wp\/wp-json\/wp\/v2\/pages\/719\/revisions"}],"predecessor-version":[{"id":47573,"href":"https:\/\/precolombino.cl\/wp\/wp-json\/wp\/v2\/pages\/719\/revisions\/47573"}],"up":[{"embeddable":true,"href":"https:\/\/precolombino.cl\/wp\/wp-json\/wp\/v2\/pages\/16990"}],"wp:featuredmedia":[{"embeddable":true,"href":"https:\/\/precolombino.cl\/wp\/wp-json\/wp\/v2\/media\/21817"}],"wp:attachment":[{"href":"https:\/\/precolombino.cl\/wp\/wp-json\/wp\/v2\/media?parent=719"}],"curies":[{"name":"wp","href":"https:\/\/api.w.org\/{rel}","templated":true}]}}