{"id":828,"date":"2011-03-18T15:45:29","date_gmt":"2011-03-18T18:45:29","guid":{"rendered":"http:\/\/www.precolombino.cl\/wp\/"},"modified":"2018-01-15T12:04:06","modified_gmt":"2018-01-15T15:04:06","slug":"gelam-nguzu-kazi-dugong-my-son-2009","status":"publish","type":"page","link":"https:\/\/precolombino.cl\/wp\/exposiciones\/exposiciones-temporales\/gelam-nguzu-kazi-dugong-my-son-2009\/","title":{"rendered":"Gelam Nguzu Kazi \u2013 Dugong My Son &#8211; 2009"},"content":{"rendered":"<p>Como parte de una gira mundial organizada por el Ministerio de Relaciones Exteriores y Comercio de Australia se exhibieron 33 linotipias del Colectivo Mualgau Minaral de la Isla Mua, en el estrecho de Torres, noroeste de Australia. M\u00e1s all\u00e1 de su valor est\u00e9tico intr\u00ednseco, las obras se inspiran en la rica mitolog\u00eda de estos pueblos y revelan la riqueza potencial del encuentro entre las tradiciones ancestrales ind\u00edgenas y su expresi\u00f3n contempor\u00e1nea.<\/p>","protected":false},"excerpt":{"rendered":"<p>Como parte de una gira mundial organizada por el Ministerio de Relaciones Exteriores y Comercio de Australia se exhibieron 33 linotipias del Colectivo Mualgau Minaral de la Isla Mua, en el estrecho de Torres, noroeste de Australia. M\u00e1s all\u00e1 de su valor est\u00e9tico intr\u00ednseco, las obras se inspiran en la rica mitolog\u00eda de estos pueblos [&hellip;]<\/p>\n","protected":false},"author":1,"featured_media":18939,"parent":31,"menu_order":6,"comment_status":"open","ping_status":"closed","template":"page-exposiciones-itinerante-temporal.php","meta":{"ngg_post_thumbnail":0},"_links":{"self":[{"href":"https:\/\/precolombino.cl\/wp\/wp-json\/wp\/v2\/pages\/828"}],"collection":[{"href":"https:\/\/precolombino.cl\/wp\/wp-json\/wp\/v2\/pages"}],"about":[{"href":"https:\/\/precolombino.cl\/wp\/wp-json\/wp\/v2\/types\/page"}],"author":[{"embeddable":true,"href":"https:\/\/precolombino.cl\/wp\/wp-json\/wp\/v2\/users\/1"}],"replies":[{"embeddable":true,"href":"https:\/\/precolombino.cl\/wp\/wp-json\/wp\/v2\/comments?post=828"}],"version-history":[{"count":3,"href":"https:\/\/precolombino.cl\/wp\/wp-json\/wp\/v2\/pages\/828\/revisions"}],"predecessor-version":[{"id":38738,"href":"https:\/\/precolombino.cl\/wp\/wp-json\/wp\/v2\/pages\/828\/revisions\/38738"}],"up":[{"embeddable":true,"href":"https:\/\/precolombino.cl\/wp\/wp-json\/wp\/v2\/pages\/31"}],"wp:featuredmedia":[{"embeddable":true,"href":"https:\/\/precolombino.cl\/wp\/wp-json\/wp\/v2\/media\/18939"}],"wp:attachment":[{"href":"https:\/\/precolombino.cl\/wp\/wp-json\/wp\/v2\/media?parent=828"}],"curies":[{"name":"wp","href":"https:\/\/api.w.org\/{rel}","templated":true}]}}