{"id":882,"date":"2011-03-18T16:05:36","date_gmt":"2011-03-18T16:05:36","guid":{"rendered":"http:\/\/www.precolombino.cl\/wp\/"},"modified":"2014-07-14T13:01:20","modified_gmt":"2014-07-14T16:01:20","slug":"el-dorado-oro-de-colombia-1995","status":"publish","type":"page","link":"https:\/\/precolombino.cl\/wp\/exposiciones\/exposiciones-temporales\/el-dorado-oro-de-colombia-1995\/","title":{"rendered":"El Dorado: Oro de Colombia &#8211; 1995"},"content":{"rendered":"<p>El valor simb\u00f3lico otorgado al oro, su origen sagrado y su funci\u00f3n emblem\u00e1tica trascendi\u00f3 diferencias regionales y \u00e9tnicas en el mundo precolombino sudamericano. El actual territorio de Colombia fue uno de los lugares donde la orfebrer\u00eda en este metal alcanz\u00f3 niveles de mayor creatividad y sofisticaci\u00f3n. Esta exposici\u00f3n, que cont\u00f3 con la importante colaboraci\u00f3n del Museo del Oro de dicho pa\u00eds, permiti\u00f3 apreciar toda la riqueza y la diversidad de este antiguo arte americano. <\/p>","protected":false},"excerpt":{"rendered":"<p>El valor simb\u00f3lico otorgado al oro, su origen sagrado y su funci\u00f3n emblem\u00e1tica trascendi\u00f3 diferencias regionales y \u00e9tnicas en el mundo precolombino sudamericano. El actual territorio de Colombia fue uno de los lugares donde la orfebrer\u00eda en este metal alcanz\u00f3 niveles de mayor creatividad y sofisticaci\u00f3n. Esta exposici\u00f3n, que cont\u00f3 con la importante colaboraci\u00f3n del [&hellip;]<\/p>\n","protected":false},"author":1,"featured_media":15144,"parent":31,"menu_order":31,"comment_status":"open","ping_status":"open","template":"page-exposiciones-itinerante-temporal.php","meta":{"ngg_post_thumbnail":0},"_links":{"self":[{"href":"https:\/\/precolombino.cl\/wp\/wp-json\/wp\/v2\/pages\/882"}],"collection":[{"href":"https:\/\/precolombino.cl\/wp\/wp-json\/wp\/v2\/pages"}],"about":[{"href":"https:\/\/precolombino.cl\/wp\/wp-json\/wp\/v2\/types\/page"}],"author":[{"embeddable":true,"href":"https:\/\/precolombino.cl\/wp\/wp-json\/wp\/v2\/users\/1"}],"replies":[{"embeddable":true,"href":"https:\/\/precolombino.cl\/wp\/wp-json\/wp\/v2\/comments?post=882"}],"version-history":[{"count":3,"href":"https:\/\/precolombino.cl\/wp\/wp-json\/wp\/v2\/pages\/882\/revisions"}],"predecessor-version":[{"id":19195,"href":"https:\/\/precolombino.cl\/wp\/wp-json\/wp\/v2\/pages\/882\/revisions\/19195"}],"up":[{"embeddable":true,"href":"https:\/\/precolombino.cl\/wp\/wp-json\/wp\/v2\/pages\/31"}],"wp:featuredmedia":[{"embeddable":true,"href":"https:\/\/precolombino.cl\/wp\/wp-json\/wp\/v2\/media\/15144"}],"wp:attachment":[{"href":"https:\/\/precolombino.cl\/wp\/wp-json\/wp\/v2\/media?parent=882"}],"curies":[{"name":"wp","href":"https:\/\/api.w.org\/{rel}","templated":true}]}}