{"id":883,"date":"2011-03-18T16:05:57","date_gmt":"2011-03-18T16:05:57","guid":{"rendered":"http:\/\/www.precolombino.cl\/wp\/"},"modified":"2014-07-14T13:01:27","modified_gmt":"2014-07-14T16:01:27","slug":"los-suenos-del-jaguar-1994","status":"publish","type":"page","link":"https:\/\/precolombino.cl\/wp\/exposiciones\/exposiciones-temporales\/los-suenos-del-jaguar-1994\/","title":{"rendered":"Los sue\u00f1os del Jaguar &#8211; 1994"},"content":{"rendered":"<p>La Argentina andina, m\u00e1s conocida como Noroeste Argentino, posee una enorme y rica tradici\u00f3n de arte precolombino, escasamente conocida en nuestro pa\u00eds. En el pasado hubo all\u00ed un complejo desarrollo cultural. Sus culturas mantuvieron una fuerte interacci\u00f3n con \u00e1reas vecinas, merced a la cual el Cono Sur ind\u00edgena obtuvo el perfil \u00e9tnico, hist\u00f3rico y cultural que lo caracteriza. Parte de estos procesos quedaron reflejados en esta muestra, que se mont\u00f3 a partir de una significativa colecci\u00f3n particular trasandina y en torno a la figura del jaguar, un felino propio de las selvas orientales y del arte prehisp\u00e1nico trasandino.<\/p>","protected":false},"excerpt":{"rendered":"<p>La Argentina andina, m\u00e1s conocida como Noroeste Argentino, posee una enorme y rica tradici\u00f3n de arte precolombino, escasamente conocida en nuestro pa\u00eds. En el pasado hubo all\u00ed un complejo desarrollo cultural. Sus culturas mantuvieron una fuerte interacci\u00f3n con \u00e1reas vecinas, merced a la cual el Cono Sur ind\u00edgena obtuvo el perfil \u00e9tnico, hist\u00f3rico y cultural [&hellip;]<\/p>\n","protected":false},"author":1,"featured_media":13856,"parent":31,"menu_order":32,"comment_status":"open","ping_status":"open","template":"page-exposiciones-itinerante-temporal.php","meta":{"ngg_post_thumbnail":0},"_links":{"self":[{"href":"https:\/\/precolombino.cl\/wp\/wp-json\/wp\/v2\/pages\/883"}],"collection":[{"href":"https:\/\/precolombino.cl\/wp\/wp-json\/wp\/v2\/pages"}],"about":[{"href":"https:\/\/precolombino.cl\/wp\/wp-json\/wp\/v2\/types\/page"}],"author":[{"embeddable":true,"href":"https:\/\/precolombino.cl\/wp\/wp-json\/wp\/v2\/users\/1"}],"replies":[{"embeddable":true,"href":"https:\/\/precolombino.cl\/wp\/wp-json\/wp\/v2\/comments?post=883"}],"version-history":[{"count":3,"href":"https:\/\/precolombino.cl\/wp\/wp-json\/wp\/v2\/pages\/883\/revisions"}],"predecessor-version":[{"id":31584,"href":"https:\/\/precolombino.cl\/wp\/wp-json\/wp\/v2\/pages\/883\/revisions\/31584"}],"up":[{"embeddable":true,"href":"https:\/\/precolombino.cl\/wp\/wp-json\/wp\/v2\/pages\/31"}],"wp:featuredmedia":[{"embeddable":true,"href":"https:\/\/precolombino.cl\/wp\/wp-json\/wp\/v2\/media\/13856"}],"wp:attachment":[{"href":"https:\/\/precolombino.cl\/wp\/wp-json\/wp\/v2\/media?parent=883"}],"curies":[{"name":"wp","href":"https:\/\/api.w.org\/{rel}","templated":true}]}}