{"id":892,"date":"2011-03-18T16:11:17","date_gmt":"2011-03-18T16:11:17","guid":{"rendered":"http:\/\/www.precolombino.cl\/wp\/"},"modified":"2014-07-14T13:07:06","modified_gmt":"2014-07-14T16:07:06","slug":"un-mural-para-santiago-1990","status":"publish","type":"page","link":"https:\/\/precolombino.cl\/wp\/exposiciones\/exposiciones-temporales\/un-mural-para-santiago-1990\/","title":{"rendered":"Un mural para Santiago &#8211; 1990"},"content":{"rendered":"<p>Con el patrocinio de la Fundaci\u00f3n Andes y la I. Municipalidad de Santiago, se convoc\u00f3 a diversos artistas a un concurso para pintar un gran mural en el costado poniente del edificio que se alza sobre el patio norte del Museo, dando origen al programa \u201cArte-Encuentro\u201d que pretend\u00eda acercar el arte contempor\u00e1neo al patrimonio precolombino. Se exhibieron las 25 obras preseleccionadas, incluyendo obras de Matilde P\u00e9rez, Patricio de la O, y el proyecto ganador de Enrique Zamudio.<\/p>","protected":false},"excerpt":{"rendered":"<p>Con el patrocinio de la Fundaci\u00f3n Andes y la I. Municipalidad de Santiago, se convoc\u00f3 a diversos artistas a un concurso para pintar un gran mural en el costado poniente del edificio que se alza sobre el patio norte del Museo, dando origen al programa \u201cArte-Encuentro\u201d que pretend\u00eda acercar el arte contempor\u00e1neo al patrimonio precolombino. [&hellip;]<\/p>\n","protected":false},"author":1,"featured_media":15117,"parent":31,"menu_order":41,"comment_status":"open","ping_status":"open","template":"page-exposiciones-itinerante-temporal.php","meta":{"ngg_post_thumbnail":0},"_links":{"self":[{"href":"https:\/\/precolombino.cl\/wp\/wp-json\/wp\/v2\/pages\/892"}],"collection":[{"href":"https:\/\/precolombino.cl\/wp\/wp-json\/wp\/v2\/pages"}],"about":[{"href":"https:\/\/precolombino.cl\/wp\/wp-json\/wp\/v2\/types\/page"}],"author":[{"embeddable":true,"href":"https:\/\/precolombino.cl\/wp\/wp-json\/wp\/v2\/users\/1"}],"replies":[{"embeddable":true,"href":"https:\/\/precolombino.cl\/wp\/wp-json\/wp\/v2\/comments?post=892"}],"version-history":[{"count":3,"href":"https:\/\/precolombino.cl\/wp\/wp-json\/wp\/v2\/pages\/892\/revisions"}],"predecessor-version":[{"id":31593,"href":"https:\/\/precolombino.cl\/wp\/wp-json\/wp\/v2\/pages\/892\/revisions\/31593"}],"up":[{"embeddable":true,"href":"https:\/\/precolombino.cl\/wp\/wp-json\/wp\/v2\/pages\/31"}],"wp:featuredmedia":[{"embeddable":true,"href":"https:\/\/precolombino.cl\/wp\/wp-json\/wp\/v2\/media\/15117"}],"wp:attachment":[{"href":"https:\/\/precolombino.cl\/wp\/wp-json\/wp\/v2\/media?parent=892"}],"curies":[{"name":"wp","href":"https:\/\/api.w.org\/{rel}","templated":true}]}}